{"id":10454,"date":"2022-01-28T09:38:33","date_gmt":"2022-01-28T07:38:33","guid":{"rendered":"https:\/\/nicoteam.gr\/?post_type=product&#038;p=10454"},"modified":"2022-07-08T08:25:11","modified_gmt":"2022-07-08T06:25:11","slug":"vaporesso-gt4-clapton-coil-0-15ohm","status":"publish","type":"product","link":"https:\/\/nicoteam.gr\/tr\/product\/vaporesso-gt4-clapton-coil-0-15ohm\/","title":{"rendered":"Vaporesso GT4 Clapton Bobini 0.15ohm"},"content":{"rendered":"<p><strong>\u03a3\u03c5\u03bc\u03b2\u03b1\u03c4\u03cc\u03c4\u03b7\u03c4\u03b1 \u03bc\u03b5 \u03b1\u03c4\u03bc\u03bf\u03c0\u03bf\u03b9\u03b7\u03c4\u03ad\u03c2:<\/strong><br \/>\nJoyetech-eCig Zircon ProCore<br \/>\nJoyetech ProCore Aries<br \/>\nJoyetech ProCore SE<br \/>\nJoyetech ProCore Motor<br \/>\nJoyetech ProCore Remix<br \/>\nJoyetech ProCore Air<br \/>\nJoyetech ProCore Air Plus<br \/>\nJoyetech ProCore X<br \/>\nJoyetech ProCore Conquer<br \/>\nEleaf Ello mini<br \/>\nEleaf Ello<br \/>\nEleaf Ello S<br \/>\nEleaf Ello T<br \/>\nEleaf Ello TS<br \/>\nGeekvape Shield<br \/>\niJoy Exo S<br \/>\niJoy Exo X<br \/>\nJomoTech Smartvape TC80<br \/>\nSigelei SLYDR<br \/>\nSigelei DP<br \/>\nSigelei O9<br \/>\nSigelei Vi Ictor<br \/>\nSigelei GLO<br \/>\nVapefly Fantasy Mini<br \/>\nVaporesso NRG<br \/>\nVaportech Morpheus<br \/>\nVaptio Frogman<br \/>\nWotofo Flow<br \/>\nOBS Cube Sub Ohm Tank<\/p>","protected":false},"excerpt":{"rendered":"<p>Buharla\u015ft\u0131r\u0131c\u0131lar ve Vaporesso cihazlar\u0131 i\u00e7in yedek vaping bobinleri.<\/p>","protected":false},"featured_media":10455,"template":"","meta":{"_acf_changed":false,"_kadence_starter_templates_imported_post":false,"_kad_post_transparent":"","_kad_post_title":"","_kad_post_layout":"","_kad_post_sidebar_id":"","_kad_post_content_style":"","_kad_post_vertical_padding":"","_kad_post_feature":"","_kad_post_feature_position":"","_kad_post_header":false,"_kad_post_footer":false},"product_cat":[147],"product_tag":[],"class_list":{"0":"post-10454","1":"product","2":"type-product","3":"status-publish","4":"has-post-thumbnail","6":"product_cat-coils","7":"product_shipping_class-mi-kapnika","9":"first","10":"instock","11":"taxable","12":"shipping-taxable","13":"purchasable","14":"product-type-simple","15":"entry","16":"content-bg","17":"loop-entry"},"acf":[],"_links":{"self":[{"href":"https:\/\/nicoteam.gr\/tr\/wp-json\/wp\/v2\/product\/10454","targetHints":{"allow":["GET"]}}],"collection":[{"href":"https:\/\/nicoteam.gr\/tr\/wp-json\/wp\/v2\/product"}],"about":[{"href":"https:\/\/nicoteam.gr\/tr\/wp-json\/wp\/v2\/types\/product"}],"wp:featuredmedia":[{"embeddable":true,"href":"https:\/\/nicoteam.gr\/tr\/wp-json\/wp\/v2\/media\/10455"}],"wp:attachment":[{"href":"https:\/\/nicoteam.gr\/tr\/wp-json\/wp\/v2\/media?parent=10454"}],"wp:term":[{"taxonomy":"product_cat","embeddable":true,"href":"https:\/\/nicoteam.gr\/tr\/wp-json\/wp\/v2\/product_cat?post=10454"},{"taxonomy":"product_tag","embeddable":true,"href":"https:\/\/nicoteam.gr\/tr\/wp-json\/wp\/v2\/product_tag?post=10454"}],"curies":[{"name":"wp","href":"https:\/\/api.w.org\/{rel}","templated":true}]}}