{"id":10406,"date":"2022-01-27T13:04:11","date_gmt":"2022-01-27T11:04:11","guid":{"rendered":"https:\/\/nicoteam.gr\/?post_type=product&#038;p=10406"},"modified":"2023-08-28T10:20:51","modified_gmt":"2023-08-28T08:20:51","slug":"quawins-vstick-pro-400mah-pod-kit-2ml-red","status":"publish","type":"product","link":"https:\/\/nicoteam.gr\/tr\/product\/quawins-vstick-pro-400mah-pod-kit-2ml-red\/","title":{"rendered":"Quawins Vstick Pro 400mah Pod Kiti 2ml K\u0131rm\u0131z\u0131"},"content":{"rendered":"<h2>Quawins Vstick Pro 400mah Pod Kiti<\/h2>\n<h2>Geleneksel sigaradan elektronik sigaraya ge\u00e7i\u015f yapmak isteyenler i\u00e7in ideal bir Pod cihaz\u0131.<\/h2>\n<p>Quawins Vstick Pro, dahili 400 mah \u015farj edilebilir bataryaya sahip, al\u00fcminyum ala\u015f\u0131mdan yap\u0131lm\u0131\u015f ve Pod tank\u0131n\u0131n kapasitesi 2 ml olan k\u00fc\u00e7\u00fck, g\u00f6ze \u00e7arpmayan, ta\u015f\u0131nabilir bir Pod sistemidir.<\/p>\n<p><img loading=\"lazy\" decoding=\"async\" class=\"alignnone size-full wp-image-10408\" src=\"https:\/\/nicoteam.gr\/wp-content\/uploads\/2022\/01\/Quawins-Vstick-Pro-400mah-Pod-Kit-Banner-New.jpg\" alt=\"\" width=\"1020\" height=\"459\" srcset=\"https:\/\/nicoteam.gr\/wp-content\/uploads\/2022\/01\/Quawins-Vstick-Pro-400mah-Pod-Kit-Banner-New.jpg 1020w, https:\/\/nicoteam.gr\/wp-content\/uploads\/2022\/01\/Quawins-Vstick-Pro-400mah-Pod-Kit-Banner-New-600x270.jpg 600w, https:\/\/nicoteam.gr\/wp-content\/uploads\/2022\/01\/Quawins-Vstick-Pro-400mah-Pod-Kit-Banner-New-300x135.jpg 300w, https:\/\/nicoteam.gr\/wp-content\/uploads\/2022\/01\/Quawins-Vstick-Pro-400mah-Pod-Kit-Banner-New-768x346.jpg 768w, https:\/\/nicoteam.gr\/wp-content\/uploads\/2022\/01\/Quawins-Vstick-Pro-400mah-Pod-Kit-Banner-New-150x68.jpg 150w\" sizes=\"auto, (max-width: 1020px) 100vw, 1020px\" \/><\/p>\n<p>Cihaz, herhangi bir tu\u015fa ihtiya\u00e7 duymadan, hava bas\u0131nc\u0131n\u0131 kontrol eden bir sens\u00f6r yard\u0131m\u0131yla, sadece nefes almayla devreye giriyor. Cihaz hi\u00e7bir tu\u015f i\u00e7ermedi\u011finden d\u0131\u015f \u015f\u0131k stilini koruyor.<\/p>\n<h3>400 mah kapasiteli dahili pil ve Type-C \u015farj ba\u011flant\u0131 noktas\u0131.<\/h3>\n<p>Vstick Pro, pil seviyesi ve Pod tank\u0131n\u0131n cihaza do\u011fru yerle\u015ftirilmesi hakk\u0131nda bizi bilgilendiren entegre benzersiz bir titre\u015fim sistemine sahiptir. G\u00f6rme veya i\u015fitme engelli ki\u015filer i\u00e7in vazge\u00e7ilmez bir \u00f6\u011fe.<\/p>\n<h4>Cihaz, 20 nefes \u00e7ekme say\u0131s\u0131na ula\u015ft\u0131\u011f\u0131nda kullan\u0131c\u0131y\u0131 bir saniyeli\u011fine titreterek bilgilendirir.<\/h4>\n<p>&nbsp;<\/p>\n<p><img loading=\"lazy\" decoding=\"async\" class=\"alignnone size-full wp-image-10409\" src=\"https:\/\/nicoteam.gr\/wp-content\/uploads\/2022\/01\/Quawins-Vstick-Pro-400mah-Pod-Kit.jpg\" alt=\"\" width=\"600\" height=\"600\" srcset=\"https:\/\/nicoteam.gr\/wp-content\/uploads\/2022\/01\/Quawins-Vstick-Pro-400mah-Pod-Kit.jpg 600w, https:\/\/nicoteam.gr\/wp-content\/uploads\/2022\/01\/Quawins-Vstick-Pro-400mah-Pod-Kit-300x300.jpg 300w, https:\/\/nicoteam.gr\/wp-content\/uploads\/2022\/01\/Quawins-Vstick-Pro-400mah-Pod-Kit-100x100.jpg 100w, https:\/\/nicoteam.gr\/wp-content\/uploads\/2022\/01\/Quawins-Vstick-Pro-400mah-Pod-Kit-150x150.jpg 150w\" sizes=\"auto, (max-width: 600px) 100vw, 600px\" \/><\/p>\n<h3>Quawins Vstick Pro Pod Sistemi \u2013 Sigara i\u00e7enler i\u00e7in ideal<\/h3>\n<p>G\u00fc\u00e7l\u00fc performans\u0131 ve m\u00fckemmel buhar \u00fcretimi ile kullan\u0131m\u0131 kolay elektronik sigara. Geleneksel sigaradan elektronik sigaraya ge\u00e7i\u015f yapmak isteyenler i\u00e7in tasarland\u0131.<\/p>\n<p>Tank\u0131n 2 ml kapasitesi ve 1,3 ohm&#039;luk dahili direnci vard\u0131r, bu da size en iyi A\u011f\u0131zdan Akci\u011fere - Sigara deneyimini verecektir.<\/p>\n<h3>Doldurma sistemi<\/h3>\n<p>Tank\u0131n yanal s\u0131v\u0131 dolum sistemi vard\u0131r, bu sayede i\u015flemi kolay ve h\u0131zl\u0131 hale getirerek s\u0131z\u0131nt\u0131 olas\u0131l\u0131\u011f\u0131n\u0131 ortadan kald\u0131r\u0131r.<\/p>\n<h3>Tip-C \u015farj ba\u011flant\u0131 noktas\u0131<\/h3>\n<p>Cihaz USB Tip C ba\u011flant\u0131 noktas\u0131 ile \u015farj edilir ve duvar adapt\u00f6r\u00fcne, Diz\u00fcst\u00fc Bilgisayara, G\u00fc\u00e7 Bankalar\u0131na, PC&#039;ye vb. ba\u011flanabilir.<\/p>\n<h4>Onu \u00f6ne \u00e7\u0131karan baz\u0131 \u00f6zellikler:<\/h4>\n<ul>\n<li>Titre\u015fimli ak\u0131ll\u0131 hat\u0131rlatma \u2013 Titre\u015fim Hat\u0131rlatma<\/li>\n<li>Dahili 400mah pil<\/li>\n<li>Sigara i\u00e7enler i\u00e7in ideal<\/li>\n<li>S\u0131z\u0131nt\u0131 ve geri tepme yok<\/li>\n<li>Tip-C \u015farj ba\u011flant\u0131 noktas\u0131<\/li>\n<li>Zarif tarz<\/li>\n<\/ul>\n<h4>\u00d6zellikler<\/h4>\n<p><strong>Boyutlar:<\/strong>\u00a0102mm \u00d7 16mm \u00d7 16mm<\/p>\n<p><strong>\u0130n\u015faat malzemesi:\u00a0<\/strong>Al\u00fcminyum ala\u015f\u0131m<\/p>\n<p><strong>Maksimum G\u00fc\u00e7:<\/strong>\u00a09W<\/p>\n<p><strong>Rezistans:<\/strong>\u00a01,3 ohm<\/p>\n<p><strong>Tank kapasitesi:<\/strong>\u00a02 ml<\/p>\n<p><strong>Pil Kapasitesi:\u00a0<\/strong>400 mah<\/p>","protected":false},"excerpt":{"rendered":"<ul>\n<li>\u00d6l\u00e7\u00fcler: 102 16 16<\/li>\n<li>\u0130n\u015faat Malzemesi: Al\u00fcminyum ala\u015f\u0131m\u0131<\/li>\n<li>Maksimum g\u00fc\u00e7: 9W<\/li>\n<li>Diren\u00e7: 1,3 ohm<\/li>\n<li>Tank Kapasitesi: 2ml<\/li>\n<li>Pil Kapasitesi: 400 mah<\/li>\n<\/ul>","protected":false},"featured_media":10407,"template":"","meta":{"_acf_changed":false,"_kadence_starter_templates_imported_post":false,"_kad_post_transparent":"","_kad_post_title":"","_kad_post_layout":"","_kad_post_sidebar_id":"","_kad_post_content_style":"","_kad_post_vertical_padding":"","_kad_post_feature":"","_kad_post_feature_position":"","_kad_post_header":false,"_kad_post_footer":false},"product_cat":[141,512],"product_tag":[],"class_list":{"0":"post-10406","1":"product","2":"type-product","3":"status-publish","4":"has-post-thumbnail","6":"product_cat-kits","7":"product_cat-ensomatomeni-mpataria-kits","8":"product_shipping_class-mi-kapnika","10":"first","11":"instock","12":"taxable","13":"shipping-taxable","14":"purchasable","15":"product-type-simple","16":"entry","17":"content-bg","18":"loop-entry"},"acf":[],"_links":{"self":[{"href":"https:\/\/nicoteam.gr\/tr\/wp-json\/wp\/v2\/product\/10406","targetHints":{"allow":["GET"]}}],"collection":[{"href":"https:\/\/nicoteam.gr\/tr\/wp-json\/wp\/v2\/product"}],"about":[{"href":"https:\/\/nicoteam.gr\/tr\/wp-json\/wp\/v2\/types\/product"}],"wp:featuredmedia":[{"embeddable":true,"href":"https:\/\/nicoteam.gr\/tr\/wp-json\/wp\/v2\/media\/10407"}],"wp:attachment":[{"href":"https:\/\/nicoteam.gr\/tr\/wp-json\/wp\/v2\/media?parent=10406"}],"wp:term":[{"taxonomy":"product_cat","embeddable":true,"href":"https:\/\/nicoteam.gr\/tr\/wp-json\/wp\/v2\/product_cat?post=10406"},{"taxonomy":"product_tag","embeddable":true,"href":"https:\/\/nicoteam.gr\/tr\/wp-json\/wp\/v2\/product_tag?post=10406"}],"curies":[{"name":"wp","href":"https:\/\/api.w.org\/{rel}","templated":true}]}}