{"id":10403,"date":"2022-01-27T12:55:48","date_gmt":"2022-01-27T10:55:48","guid":{"rendered":"https:\/\/nicoteam.gr\/?post_type=product&#038;p=10403"},"modified":"2023-08-28T10:20:51","modified_gmt":"2023-08-28T08:20:51","slug":"quawins-vstick-pro-ds-coil-x3-pod","status":"publish","type":"product","link":"https:\/\/nicoteam.gr\/tr\/product\/quawins-vstick-pro-ds-coil-x3-pod\/","title":{"rendered":"Quawins Vstick Pro DS Bobin x3 Pod"},"content":{"rendered":"<p>\u0397 Quawins \u03b4\u03b7\u03bc\u03b9\u03bf\u03cd\u03c1\u03b3\u03b7\u03c3\u03b5 \u03ad\u03bd\u03b1 \u03c6\u03b9\u03bb\u03c4\u03c1\u03ac\u03ba\u03b9 \u03b5\u03b9\u03b4\u03b9\u03ba\u03ac \u03c3\u03c7\u03b5\u03b4\u03b9\u03b1\u03c3\u03bc\u03ad\u03bd\u03bf \u03b3\u03b9\u03b1 \u03c4\u03bf Vstick Pro, \u03c4\u03bf \u03bf\u03c0\u03bf\u03af\u03bf \u03c4\u03bf\u03c0\u03bf\u03b8\u03b5\u03c4\u03ce\u03bd\u03c4\u03b1\u03c2 \u03c4\u03bf \u03c3\u03c4\u03bf \u03b5\u03c0\u03b9\u03c3\u03c4\u03cc\u03bc\u03b9\u03bf \u03c4\u03b7\u03c2 \u03b4\u03b5\u03be\u03b1\u03bc\u03b5\u03bd\u03ae\u03c2 \u03ad\u03c7\u03bf\u03c5\u03bc\u03b5 \u03c4\u03b7\u03bd \u03b5\u03bc\u03c0\u03b5\u03b9\u03c1\u03af\u03b1 \u03c4\u03b7\u03c2 \u03c4\u03b6\u03bf\u03cd\u03c1\u03b1\u03c2 \u03b5\u03bd\u03cc\u03c2 \u03c3\u03c5\u03bc\u03b2\u03b1\u03c4\u03b9\u03ba\u03bf\u03cd \u03c4\u03c3\u03b9\u03b3\u03ac\u03c1\u03bf\u03c5 \u03b5\u03bd\u03ce \u03c4\u03b1\u03c5\u03c4\u03cc\u03c7\u03c1\u03bf\u03bd\u03b1 \u03b1\u03c0\u03bf\u03c1\u03c1\u03bf\u03c6\u03ac \u03c4\u03c5\u03c7\u03cc\u03bd \u03c5\u03b3\u03c1\u03ac \u03ba\u03b1\u03b9 \u03c5\u03b4\u03c1\u03b1\u03c4\u03bc\u03bf\u03cd\u03c2, \u03bc\u03b7\u03b4\u03b5\u03bd\u03af\u03b6\u03bf\u03bd\u03c4\u03b1\u03c2 \u03ad\u03c4\u03c3\u03b9 \u03c4\u03bf \u03b4\u03c5\u03c3\u03ac\u03c1\u03b5\u03c3\u03c4\u03bf \u03c6\u03b1\u03b9\u03bd\u03cc\u03bc\u03b5\u03bd\u03bf \u03c4\u03bf\u03c5 spit back.<\/p>\n<p>\u0391\u03c6\u03b1\u03b9\u03c1\u03ce\u03bd\u03c4\u03b1\u03c2 \u03c4\u03bf \u03b5\u03b9\u03b4\u03b9\u03ba\u03cc \u03c6\u03b9\u03bb\u03c4\u03c1\u03ac\u03ba\u03b9 \u03bc\u03c0\u03bf\u03c1\u03bf\u03cd\u03bc\u03b5 \u03bd\u03b1 \u03b1\u03c4\u03bc\u03af\u03c3\u03bf\u03c5\u03bc\u03b5 \u03bc\u03b5 \u03c4\u03bf \u03ba\u03bb\u03b1\u03c3\u03b9\u03ba\u03cc \u03b5\u03c0\u03b9\u03c3\u03c4\u03cc\u03bc\u03b9\u03bf \u03c0\u03bf\u03c5 \u03b4\u03b9\u03b1\u03b8\u03ad\u03c4\u03b5\u03b9 \u03b7 \u03b4\u03b5\u03be\u03b1\u03bc\u03b5\u03bd\u03ae Pod \u03b4\u03af\u03bd\u03bf\u03bd\u03c4\u03b1\u03c2 \u03bc\u03b1\u03c2 \u03b4\u03c5\u03bd\u03b1\u03c4\u03cc\u03c4\u03b5\u03c1\u03bf \u03c7\u03c4\u03cd\u03c0\u03b7\u03bc\u03b1 \u03c3\u03c4\u03bf \u03bb\u03b1\u03b9\u03bc\u03cc \u2013 Throat Hit.<\/p>\n<h3>Doldurma sistemi<\/h3>\n<p>Tank\u0131n yanal s\u0131v\u0131 dolum sistemi vard\u0131r, bu sayede i\u015flemi kolay ve h\u0131zl\u0131 hale getirerek s\u0131z\u0131nt\u0131 olas\u0131l\u0131\u011f\u0131n\u0131 ortadan kald\u0131r\u0131r.<\/p>","protected":false},"excerpt":{"rendered":"<h3>Quawins Vstick Pro DS Bobin Tank\u0131 | Dahili DS Bobinli 1,3ohm diren\u00e7li Pod Tank\u0131<\/h3>\n<p>Quawins, Vstick i\u00e7in yerle\u015fik 1.3ohm DS Bobinli yeni ve geli\u015ftirilmi\u015f bir tank yaratt\u0131. DS bobinleri daha uzun tank \u00f6mr\u00fc ve lezzet ve buhar \u00fcretiminde daha iyi performans sa\u011flar.<\/p>\n<p>Tank\u0131n 2 ml kapasitesi ve 1,3 ohm&#039;luk dahili direnci vard\u0131r, bu da size en iyi A\u011f\u0131zdan Akci\u011fere - Sigara deneyimini verecektir.<\/p>","protected":false},"featured_media":10404,"template":"","meta":{"_acf_changed":false,"_kadence_starter_templates_imported_post":false,"_kad_post_transparent":"","_kad_post_title":"","_kad_post_layout":"","_kad_post_sidebar_id":"","_kad_post_content_style":"","_kad_post_vertical_padding":"","_kad_post_feature":"","_kad_post_feature_position":"","_kad_post_header":false,"_kad_post_footer":false},"product_cat":[146],"product_tag":[],"class_list":{"0":"post-10403","1":"product","2":"type-product","3":"status-publish","4":"has-post-thumbnail","6":"product_cat-pods","7":"product_shipping_class-mi-kapnika","9":"first","10":"instock","11":"taxable","12":"shipping-taxable","13":"purchasable","14":"product-type-simple","15":"entry","16":"content-bg","17":"loop-entry"},"acf":[],"_links":{"self":[{"href":"https:\/\/nicoteam.gr\/tr\/wp-json\/wp\/v2\/product\/10403","targetHints":{"allow":["GET"]}}],"collection":[{"href":"https:\/\/nicoteam.gr\/tr\/wp-json\/wp\/v2\/product"}],"about":[{"href":"https:\/\/nicoteam.gr\/tr\/wp-json\/wp\/v2\/types\/product"}],"wp:featuredmedia":[{"embeddable":true,"href":"https:\/\/nicoteam.gr\/tr\/wp-json\/wp\/v2\/media\/10404"}],"wp:attachment":[{"href":"https:\/\/nicoteam.gr\/tr\/wp-json\/wp\/v2\/media?parent=10403"}],"wp:term":[{"taxonomy":"product_cat","embeddable":true,"href":"https:\/\/nicoteam.gr\/tr\/wp-json\/wp\/v2\/product_cat?post=10403"},{"taxonomy":"product_tag","embeddable":true,"href":"https:\/\/nicoteam.gr\/tr\/wp-json\/wp\/v2\/product_tag?post=10403"}],"curies":[{"name":"wp","href":"https:\/\/api.w.org\/{rel}","templated":true}]}}