{"id":10365,"date":"2022-01-27T11:15:19","date_gmt":"2022-01-27T09:15:19","guid":{"rendered":"https:\/\/nicoteam.gr\/?post_type=product&#038;p=10365"},"modified":"2024-08-03T07:45:21","modified_gmt":"2024-08-03T05:45:21","slug":"vuse-epen-rosegold-dark-cherry-pod-18mg-ml","status":"publish","type":"product","link":"https:\/\/nicoteam.gr\/tr\/product\/vuse-epen-rosegold-dark-cherry-pod-18mg-ml\/","title":{"rendered":"VUSE ePen RoseGold + Koyu Kiraz Kaps\u00fcl\u00fc 18mg\/ml"},"content":{"rendered":"<p>Kapal\u0131 tip elektronik sigara Vuse ePen, y\u00fcksek kalite ve kullan\u0131m kolayl\u0131\u011f\u0131n\u0131n birle\u015fimidir.<\/p>\n<p>Tek t\u0131klamayla lezzeti kolay ve h\u0131zl\u0131 bir \u015fekilde de\u011fi\u015ftirin<br \/>\nVuse ePen g\u00fcn\u00fcn hi\u00e7bir saatinde yan\u0131n\u0131zdan ayr\u0131lmayacak.<\/p>\n<p>\u015eARJ S\u00dcRES\u0130<br \/>\nYakla\u015f\u0131k 60 dakika<\/p>\n<p>P\u0130L G\u00d6STERGES\u0130<br \/>\nY\u00fcksek, orta ve d\u00fc\u015f\u00fck pil seviyesi<\/p>\n<p>TASARIM<br \/>\nMetalik p\u00fcr\u00fczs\u00fcz kaplama<\/p>\n<p>KAPS\u00dcL DE\u011e\u0130\u015e\u0130M\u0130<br \/>\nKaps\u00fcl\u00fcn kolay tak\u0131lmas\u0131\/\u00e7\u0131kar\u0131lmas\u0131<\/p>","protected":false},"excerpt":{"rendered":"<p>Vuse ePen, \u00f6nceden doldurulmu\u015f kaps\u00fcller (podlar) i\u00e7in kapal\u0131 sistem bir elektronik sigarad\u0131r.<\/p>","protected":false},"featured_media":10375,"template":"","meta":{"_acf_changed":false,"_kadence_starter_templates_imported_post":false,"_kad_post_transparent":"default","_kad_post_title":"","_kad_post_layout":"default","_kad_post_sidebar_id":"","_kad_post_content_style":"default","_kad_post_vertical_padding":"default","_kad_post_feature":"","_kad_post_feature_position":"","_kad_post_header":false,"_kad_post_footer":false},"product_cat":[141,512],"product_tag":[219],"class_list":{"0":"post-10365","1":"product","2":"type-product","3":"status-publish","4":"has-post-thumbnail","6":"product_cat-kits","7":"product_cat-ensomatomeni-mpataria-kits","8":"product_tag-prosfores","9":"product_shipping_class-mi-kapnika","11":"first","12":"outofstock","13":"sale","14":"taxable","15":"shipping-taxable","16":"purchasable","17":"product-type-simple","18":"entry","19":"content-bg","20":"loop-entry"},"acf":[],"_links":{"self":[{"href":"https:\/\/nicoteam.gr\/tr\/wp-json\/wp\/v2\/product\/10365","targetHints":{"allow":["GET"]}}],"collection":[{"href":"https:\/\/nicoteam.gr\/tr\/wp-json\/wp\/v2\/product"}],"about":[{"href":"https:\/\/nicoteam.gr\/tr\/wp-json\/wp\/v2\/types\/product"}],"wp:featuredmedia":[{"embeddable":true,"href":"https:\/\/nicoteam.gr\/tr\/wp-json\/wp\/v2\/media\/10375"}],"wp:attachment":[{"href":"https:\/\/nicoteam.gr\/tr\/wp-json\/wp\/v2\/media?parent=10365"}],"wp:term":[{"taxonomy":"product_cat","embeddable":true,"href":"https:\/\/nicoteam.gr\/tr\/wp-json\/wp\/v2\/product_cat?post=10365"},{"taxonomy":"product_tag","embeddable":true,"href":"https:\/\/nicoteam.gr\/tr\/wp-json\/wp\/v2\/product_tag?post=10365"}],"curies":[{"name":"wp","href":"https:\/\/api.w.org\/{rel}","templated":true}]}}