{"id":10333,"date":"2022-01-27T09:59:45","date_gmt":"2022-01-27T07:59:45","guid":{"rendered":"https:\/\/nicoteam.gr\/?post_type=product&#038;p=10333"},"modified":"2023-08-28T10:21:34","modified_gmt":"2023-08-28T08:21:34","slug":"justfog-q-pod-kit","status":"publish","type":"product","link":"https:\/\/nicoteam.gr\/tr\/product\/justfog-q-pod-kit\/","title":{"rendered":"Justfog Q Pod Kiti"},"content":{"rendered":"<p>Justfog Q Pod, g\u00fczel tasar\u0131ma ve \u00e7ekici renklere sahip yeni, yenilik\u00e7i ve \u015f\u0131k bir kaps\u00fcl sistemidir. Dahili 900mah batarya ile cihaz g\u00fcn boyunca sizi kar\u015f\u0131layabilir. 3,5 V&#039;tan 4,4 V&#039;a kadar voltaj ayarlama fonksiyonuna sahiptir, b\u00f6ylece her vaporizat\u00f6r\u00fcn farkl\u0131 ihtiya\u00e7lar\u0131n\u0131 kar\u015f\u0131lar.<img loading=\"lazy\" decoding=\"async\" class=\"alignnone size-full wp-image-10337\" src=\"https:\/\/nicoteam.gr\/wp-content\/uploads\/2022\/01\/Justfog-Q-Pod-Kit-Banner-1.jpg\" alt=\"\" width=\"950\" height=\"364\" srcset=\"https:\/\/nicoteam.gr\/wp-content\/uploads\/2022\/01\/Justfog-Q-Pod-Kit-Banner-1.jpg 950w, https:\/\/nicoteam.gr\/wp-content\/uploads\/2022\/01\/Justfog-Q-Pod-Kit-Banner-1-600x230.jpg 600w, https:\/\/nicoteam.gr\/wp-content\/uploads\/2022\/01\/Justfog-Q-Pod-Kit-Banner-1-300x115.jpg 300w, https:\/\/nicoteam.gr\/wp-content\/uploads\/2022\/01\/Justfog-Q-Pod-Kit-Banner-1-768x294.jpg 768w, https:\/\/nicoteam.gr\/wp-content\/uploads\/2022\/01\/Justfog-Q-Pod-Kit-Banner-1-150x57.jpg 150w\" sizes=\"auto, (max-width: 950px) 100vw, 950px\" \/><\/p>\n<h3>Q Pod, daha \u00e7ok lezzete odaklanan ve ayn\u0131 zamanda b\u00fcy\u00fck miktarda buhar \u00fcretimi isteyen elektronik sigara kullan\u0131c\u0131lar\u0131na hitap edebilen bir cihazd\u0131r.<\/h3>\n<p>PC ve Yapay Zeka\/Pirin\u00e7ten \u00fcretilen Q Pod, size rahat bir tutu\u015f ve g\u00fczel bir el hissi verecektir. Cihaz\u0131n tank\u0131 1.9ml kapasiteye sahip olup OCC 1.6ohm ve OCC 1.2ohm bobinlerle uyumludur.<\/p>\n<p><strong>Onu \u00f6ne \u00e7\u0131karan \u00f6zelliklerinden baz\u0131lar\u0131:<\/strong><\/p>\n<ul>\n<li>Dahili 900mah kapasiteli pil<\/li>\n<li>Ergonomik ve fonksiyonel tasar\u0131m<\/li>\n<li>Led g\u00f6sterge ile kullan\u0131c\u0131y\u0131 pil \u00f6mr\u00fc hakk\u0131nda bilgilendirin<\/li>\n<li>Gerilim d\u00fczenleme fonksiyonu<\/li>\n<li>Kolay ta\u015f\u0131nabilirlik i\u00e7in k\u00fc\u00e7\u00fck boyut<\/li>\n<li>H\u0131zl\u0131 ve kolay s\u0131v\u0131 dolumu<\/li>\n<\/ul>\n<h3>Q Pod Tank\u0131<\/h3>\n<p><strong>Boyut:<\/strong>\u00a016,8 mm x 23,6 mm x 38,4 mm<\/p>\n<p><strong>Tank kapasitesi:<\/strong>\u00a01.9ml<\/p>\n<p><strong>Rezistans:<\/strong>\u00a0OCC Alt 1.6ohm<\/p>\n<h3>Q Pod pili<\/h3>\n<p><strong>Boyut:<\/strong>\u00a016,8 mm x 24,3 mm x 82,8 mm<\/p>\n<p><strong>Kapasite:<\/strong>\u00a0Dahili 900 mah<\/p>\n<p><strong>Voltaj aral\u0131\u011f\u0131:<\/strong>\u00a03,5 \u2013 4,2V<\/p>\n<p><strong>Doluyor:<\/strong>\u00a0Mikro USB, DC 5V<\/p>\n<p><strong>Malzeme:\u00a0<\/strong>PC ve Yapay Zeka \/ Pirin\u00e7<\/p>","protected":false},"excerpt":{"rendered":"<p>Justfog Q Pod Kiti | Dahili 900 mah bataryaya sahip bir Ba\u015flang\u0131\u00e7 Kiti<\/p>","protected":false},"featured_media":10334,"template":"","meta":{"_acf_changed":false,"_kadence_starter_templates_imported_post":false,"_kad_post_transparent":"","_kad_post_title":"","_kad_post_layout":"","_kad_post_sidebar_id":"","_kad_post_content_style":"","_kad_post_vertical_padding":"","_kad_post_feature":"","_kad_post_feature_position":"","_kad_post_header":false,"_kad_post_footer":false},"product_cat":[141,512],"product_tag":[],"class_list":{"0":"post-10333","1":"product","2":"type-product","3":"status-publish","4":"has-post-thumbnail","6":"product_cat-kits","7":"product_cat-ensomatomeni-mpataria-kits","8":"product_shipping_class-mi-kapnika","10":"first","11":"instock","12":"taxable","13":"shipping-taxable","14":"purchasable","15":"product-type-variable","16":"entry","17":"content-bg","18":"loop-entry"},"acf":[],"_links":{"self":[{"href":"https:\/\/nicoteam.gr\/tr\/wp-json\/wp\/v2\/product\/10333","targetHints":{"allow":["GET"]}}],"collection":[{"href":"https:\/\/nicoteam.gr\/tr\/wp-json\/wp\/v2\/product"}],"about":[{"href":"https:\/\/nicoteam.gr\/tr\/wp-json\/wp\/v2\/types\/product"}],"wp:featuredmedia":[{"embeddable":true,"href":"https:\/\/nicoteam.gr\/tr\/wp-json\/wp\/v2\/media\/10334"}],"wp:attachment":[{"href":"https:\/\/nicoteam.gr\/tr\/wp-json\/wp\/v2\/media?parent=10333"}],"wp:term":[{"taxonomy":"product_cat","embeddable":true,"href":"https:\/\/nicoteam.gr\/tr\/wp-json\/wp\/v2\/product_cat?post=10333"},{"taxonomy":"product_tag","embeddable":true,"href":"https:\/\/nicoteam.gr\/tr\/wp-json\/wp\/v2\/product_tag?post=10333"}],"curies":[{"name":"wp","href":"https:\/\/api.w.org\/{rel}","templated":true}]}}