{"id":10300,"date":"2022-01-26T13:16:56","date_gmt":"2022-01-26T11:16:56","guid":{"rendered":"https:\/\/nicoteam.gr\/?post_type=product&#038;p=10300"},"modified":"2023-08-28T10:21:36","modified_gmt":"2023-08-28T08:21:36","slug":"eleaf-gs-drive-2ml-silver","status":"publish","type":"product","link":"https:\/\/nicoteam.gr\/tr\/product\/eleaf-gs-drive-2ml-silver\/","title":{"rendered":"Eleaf GS Drive 2ml G\u00fcm\u00fc\u015f"},"content":{"rendered":"<p><b>\u039d\u03ad\u03b1 \u03b1\u03bd\u03c4\u03af\u03c3\u03c4\u03b1\u03c3\u03b7 GS Air M (Mesh<\/b>)<\/p>\n<p>\u03a4\u03bf iStick Amnis \u03bc\u03b5 \u03c4\u03bf GS Drive \u03b8\u03b1 \u03c3\u03b1\u03c2 \u03c7\u03b1\u03c1\u03af\u03c3\u03b5\u03b9 \u03bc\u03b9\u03b1 \u03b5\u03ba\u03c0\u03bb\u03b7\u03ba\u03c4\u03b9\u03ba\u03ae \u03b5\u03bc\u03c0\u03b5\u03b9\u03c1\u03af\u03b1 \u03bc\u03b5 \u03ba\u03b1\u03b8\u03b1\u03c1\u03ae \u03b3\u03b5\u03cd\u03c3\u03b7 \u03ba\u03b1\u03b9 \u03bc\u03b5\u03b3\u03ac\u03bb\u03b7 \u03c0\u03b1\u03c1\u03b1\u03b3\u03c9\u03b3\u03ae \u03b1\u03c4\u03bc\u03bf\u03cd\u00a0 \u03c7\u03c1\u03b7\u03c3\u03b9\u03bc\u03bf\u03c0\u03bf\u03b9\u03ce\u03bd\u03c4\u03b1\u03c2 \u03c4\u03b7\u03bd \u03bd\u03ad\u03b1 \u03b1\u03bd\u03c4\u03af\u03c3\u03c4\u03b1\u03c3\u03b7 GS Air M (\u039cesh).<\/p>\n<h4>\u03a3\u03c5\u03bc\u03b2\u03b1\u03c4\u03cc\u03c4\u03b7\u03c4\u03b1 TPD<\/h4>\n<p>\u039f \u03b1\u03c4\u03bc\u03bf\u03c0\u03bf\u03b9\u03b7\u03c4\u03ae\u03c2 \u03b5\u03af\u03bd\u03b1\u03b9 \u03c3\u03c5\u03bc\u03bc\u03bf\u03c1\u03c6\u03c9\u03bc\u03ad\u03bd\u03bf\u03c2 \u03bc\u03b5 \u03c4\u03bf\u03c5\u03c2 \u03bc\u03b5 \u03c4\u03bf\u03c5\u03c2 \u03ba\u03b1\u03bd\u03bf\u03bd\u03b9\u03c3\u03bc\u03bf\u03cd\u03c2 TPD, \u03c4\u03bf GS Drive \u03b4\u03b9\u03b1\u03b8\u03ad\u03c4\u03b5\u03b9 \u03c7\u03c9\u03c1\u03b7\u03c4\u03b9\u03ba\u03cc\u03c4\u03b7\u03c4\u03b1 \u03b4\u03b5\u03be\u03b1\u03bc\u03b5\u03bd\u03ae\u03c2 2ml.<\/p>\n<h4><b>\u00d6zellikler<\/b><\/h4>\n<ul>\n<li><span style=\"font-family: Open Sans, Tahoma, sans-serif, Arial;\">\u0394\u03b9\u03ac\u03bc\u03b5\u03c4\u03c1\u03bf\u03c2: 16.5mm<\/span><\/li>\n<li><span style=\"font-family: Open Sans, Tahoma, sans-serif, Arial;\">Y\u00fckseklik: 56 mm\u00a0<\/span><\/li>\n<li><span style=\"font-family: Open Sans, Tahoma, sans-serif, Arial;\">\u0392\u03ac\u03c1\u03bf\u03c2: 28.8g<\/span><\/li>\n<li><span style=\"font-family: Open Sans, Tahoma, sans-serif, Arial;\">Tank kapasitesi: 2ml<\/span><\/li>\n<li><span style=\"font-family: Open Sans, Tahoma, sans-serif, Arial;\">\u03a7\u03c1\u03ce\u03bc\u03b1: Silver<\/span><\/li>\n<\/ul>","protected":false},"excerpt":{"rendered":"<p>Atomizer yeni rezistanslar\u0131yla uyumludur\u00a0<b>Eleaf GS Air M (\u00d6rg\u00fc)<\/b>. Atomizer k\u00fc\u00e7\u00fck olmas\u0131na ra\u011fmen imkanlar\u0131 \u00e7oktur, tasar\u0131m\u0131 ve sahip oldu\u011fu i\u015fletim sistemleri kullan\u0131c\u0131n\u0131n her t\u00fcrl\u00fc ihtiyac\u0131n\u0131 kar\u015f\u0131layacakt\u0131r.<\/p>","protected":false},"featured_media":10309,"template":"","meta":{"_acf_changed":false,"_kadence_starter_templates_imported_post":false,"_kad_post_transparent":"","_kad_post_title":"","_kad_post_layout":"","_kad_post_sidebar_id":"","_kad_post_content_style":"","_kad_post_vertical_padding":"","_kad_post_feature":"","_kad_post_feature_position":"","_kad_post_header":false,"_kad_post_footer":false},"product_cat":[142],"product_tag":[],"class_list":{"0":"post-10300","1":"product","2":"type-product","3":"status-publish","4":"has-post-thumbnail","6":"product_cat-atmopoites","7":"product_shipping_class-mi-kapnika","9":"first","10":"instock","11":"taxable","12":"shipping-taxable","13":"purchasable","14":"product-type-simple","15":"entry","16":"content-bg","17":"loop-entry"},"acf":[],"_links":{"self":[{"href":"https:\/\/nicoteam.gr\/tr\/wp-json\/wp\/v2\/product\/10300","targetHints":{"allow":["GET"]}}],"collection":[{"href":"https:\/\/nicoteam.gr\/tr\/wp-json\/wp\/v2\/product"}],"about":[{"href":"https:\/\/nicoteam.gr\/tr\/wp-json\/wp\/v2\/types\/product"}],"wp:featuredmedia":[{"embeddable":true,"href":"https:\/\/nicoteam.gr\/tr\/wp-json\/wp\/v2\/media\/10309"}],"wp:attachment":[{"href":"https:\/\/nicoteam.gr\/tr\/wp-json\/wp\/v2\/media?parent=10300"}],"wp:term":[{"taxonomy":"product_cat","embeddable":true,"href":"https:\/\/nicoteam.gr\/tr\/wp-json\/wp\/v2\/product_cat?post=10300"},{"taxonomy":"product_tag","embeddable":true,"href":"https:\/\/nicoteam.gr\/tr\/wp-json\/wp\/v2\/product_tag?post=10300"}],"curies":[{"name":"wp","href":"https:\/\/api.w.org\/{rel}","templated":true}]}}