{"id":10242,"date":"2022-01-26T10:09:00","date_gmt":"2022-01-26T08:09:00","guid":{"rendered":"https:\/\/nicoteam.gr\/?post_type=product&#038;p=10242"},"modified":"2024-07-08T13:24:21","modified_gmt":"2024-07-08T11:24:21","slug":"eleaf-gs-tank-atomizer-tube-3ml","status":"publish","type":"product","link":"https:\/\/nicoteam.gr\/tr\/product\/eleaf-gs-tank-atomizer-tube-3ml\/","title":{"rendered":"Eleaf GS Tank Atomizer T\u00fcp\u00fc 3ml"},"content":{"rendered":"","protected":false},"excerpt":{"rendered":"<p>Eleaf GS Tank atomizer t\u00fcp par\u00e7as\u0131 3ml Eleaf GS Tank atomizer i\u00e7in yedek par\u00e7a..<\/p>","protected":false},"featured_media":10243,"template":"","meta":{"_acf_changed":false,"_kadence_starter_templates_imported_post":false,"_kad_post_transparent":"","_kad_post_title":"","_kad_post_layout":"","_kad_post_sidebar_id":"","_kad_post_content_style":"","_kad_post_vertical_padding":"","_kad_post_feature":"","_kad_post_feature_position":"","_kad_post_header":false,"_kad_post_footer":false},"product_cat":[148],"product_tag":[],"class_list":{"0":"post-10242","1":"product","2":"type-product","3":"status-publish","4":"has-post-thumbnail","6":"product_cat-tanks","7":"product_shipping_class-mi-kapnika","9":"first","10":"instock","11":"taxable","12":"shipping-taxable","13":"purchasable","14":"product-type-simple","15":"entry","16":"content-bg","17":"loop-entry"},"acf":[],"_links":{"self":[{"href":"https:\/\/nicoteam.gr\/tr\/wp-json\/wp\/v2\/product\/10242","targetHints":{"allow":["GET"]}}],"collection":[{"href":"https:\/\/nicoteam.gr\/tr\/wp-json\/wp\/v2\/product"}],"about":[{"href":"https:\/\/nicoteam.gr\/tr\/wp-json\/wp\/v2\/types\/product"}],"wp:featuredmedia":[{"embeddable":true,"href":"https:\/\/nicoteam.gr\/tr\/wp-json\/wp\/v2\/media\/10243"}],"wp:attachment":[{"href":"https:\/\/nicoteam.gr\/tr\/wp-json\/wp\/v2\/media?parent=10242"}],"wp:term":[{"taxonomy":"product_cat","embeddable":true,"href":"https:\/\/nicoteam.gr\/tr\/wp-json\/wp\/v2\/product_cat?post=10242"},{"taxonomy":"product_tag","embeddable":true,"href":"https:\/\/nicoteam.gr\/tr\/wp-json\/wp\/v2\/product_tag?post=10242"}],"curies":[{"name":"wp","href":"https:\/\/api.w.org\/{rel}","templated":true}]}}