{"id":10129,"date":"2022-01-25T11:32:16","date_gmt":"2022-01-25T09:32:16","guid":{"rendered":"https:\/\/nicoteam.gr\/?post_type=product&#038;p=10129"},"modified":"2023-08-28T10:21:38","modified_gmt":"2023-08-28T08:21:38","slug":"10129","status":"publish","type":"product","link":"https:\/\/nicoteam.gr\/tr\/product\/10129\/","title":{"rendered":"NITECORE F1 Esnek G\u00fc\u00e7 Bankas\u0131"},"content":{"rendered":"<p>&#8211; \u03a3\u03c5\u03bc\u03b2\u03b1\u03c4\u03cc\u03c2 \u03bc\u03b5 \u03ba\u03c5\u03bb\u03b9\u03bd\u03b4\u03c1\u03b9\u03ba\u03ad\u03c2 \u03b5\u03c0\u03b1\u03bd\u03b1\u03c6\u03bf\u03c1\u03c4\u03b9\u03b6\u03cc\u03bc\u03b5\u03bd\u03b5\u03c2 \u03bc\u03c0\u03b1\u03c4\u03b1\u03c1\u03af\u03b5\u03c2 \u03b9\u03cc\u03bd\u03c4\u03c9\u03bd \u03bb\u03b9\u03b8\u03af\u03bf\u03c5 (Li-ion) \u03b4\u03b9\u03b1\u03c6\u03cc\u03c1\u03c9\u03bd \u03bc\u03b5\u03b3\u03b5\u03b8\u03ce\u03bd.<br \/>\n&#8211; \u0388\u03be\u03c5\u03c0\u03bd\u03bf \u03c3\u03cd\u03c3\u03c4\u03b7\u03bc\u03b1 \u03b4\u03b9\u03b1\u03c7\u03b5\u03af\u03c1\u03b9\u03c3\u03b7\u03c2 \u03c4\u03b7\u03c2 \u03c6\u03cc\u03c1\u03c4\u03b9\u03c3\u03b7\u03c2 \u03bc\u03ad\u03c3\u03c9 USB<br \/>\n&#8211; \u03a4\u03b1\u03c7\u03b5\u03af\u03b1 \u03c6\u03cc\u03c1\u03c4\u03b9\u03c3\u03b7 \u03bc\u03ad\u03c3\u03c9 micro USB \u03ad\u03c9\u03c2 \u03ba\u03b1\u03b9 1000mA<br \/>\n&#8211; \u03a4\u03b1\u03c7\u03b5\u03af\u03b1 \u03c6\u03cc\u03c1\u03c4\u03b9\u03c3\u03b7 \u03bc\u03ad\u03c3\u03c9 USB \u03c3\u03c4\u03b1 1000mA<br \/>\n&#8211; \u0392\u03b5\u03bb\u03c4\u03b9\u03c9\u03bc\u03ad\u03bd\u03bf\u03c2 \u03c3\u03c7\u03b5\u03b4\u03b9\u03b1\u03c3\u03bc\u03cc\u03c2 \u03b3\u03b9\u03b1 \u03ba\u03cd\u03ba\u03bb\u03c9\u03bc\u03b1 \u03c6\u03cc\u03c1\u03c4\u03b9\u03c3\u03b7\u03c2 \u03bc\u03c0\u03b1\u03c4\u03b1\u03c1\u03b9\u03ce\u03bd IMR.<br \/>\n&#8211; \u03a4\u03c1\u03b5\u03b9\u03c2 \u03b5\u03bd\u03b4\u03b5\u03b9\u03ba\u03c4\u03b9\u03ba\u03ad\u03c2 \u03bb\u03c5\u03c7\u03bd\u03af\u03b5\u03c2 \u03c0\u03bf\u03c5 \u03ba\u03b1\u03c4\u03b1\u03b4\u03b5\u03b9\u03ba\u03bd\u03cd\u03bf\u03c5\u03bd \u03c4\u03b7\u03bd \u03ba\u03b1\u03c4\u03ac\u03c3\u03c4\u03b1\u03c3\u03b7 \u03c6\u03cc\u03c1\u03c4\u03b9\u03c3\u03b7\u03c2\/\u03b1\u03c0\u03bf\u03c6\u03cc\u03c1\u03c4\u03b9\u03c3\u03b7\u03c2<br \/>\n&#8211; \u0391\u03c5\u03c4\u03cc\u03bc\u03b1\u03c4\u03b7 \u03b1\u03bd\u03af\u03c7\u03bd\u03b5\u03c5\u03c3\u03b7 \u03c4\u03b7\u03c2 \u03c3\u03c4\u03ac\u03b8\u03bc\u03b7\u03c2 \u03b5\u03bd\u03ad\u03c1\u03b3\u03b5\u03b9\u03b1\u03c2.<br \/>\n&#8211; \u0386\u03bc\u03b5\u03c3\u03b7 \u03ba\u03b1\u03c4\u03ac\u03b4\u03b5\u03b9\u03be\u03b7 \u03c4\u03b7\u03c2 \u03b5\u03bd\u03ad\u03c1\u03b3\u03b5\u03b9\u03b1\u03c2 \u03c4\u03b7\u03c2 \u03bc\u03c0\u03b1\u03c4\u03b1\u03c1\u03af\u03b1\u03c2 \u03bc\u03cc\u03bb\u03b9\u03c2 \u03b1\u03c5\u03c4\u03ae \u03c4\u03bf\u03c0\u03bf\u03b8\u03b5\u03c4\u03b7\u03b8\u03b5\u03af \u03c3\u03c4\u03bf\u03bd \u03c6\u03bf\u03c1\u03c4\u03b9\u03c3\u03c4\u03ae.<br \/>\n&#8211; \u0391\u03c5\u03c4\u03cc\u03bc\u03b1\u03c4\u03b7 \u03b1\u03bd\u03af\u03c7\u03bd\u03b5\u03c5\u03c3\u03b7 \u03c4\u03b7\u03c2 \u03bc\u03c0\u03b1\u03c4\u03b1\u03c1\u03af\u03b1\u03c2 \u03ba\u03b1\u03b9 \u03b5\u03c0\u03b9\u03bb\u03bf\u03b3\u03ae \u03c4\u03bf\u03c5 \u03ba\u03b1\u03c4\u03ac\u03bb\u03bb\u03b7\u03bb\u03bf\u03c5 \u03c0\u03c1\u03bf\u03b3\u03c1\u03ac\u03bc\u03bc\u03b1\u03c4\u03bf\u03c2 \u03ba\u03b1\u03b9 \u03c4\u03b7\u03c2 \u03ba\u03b1\u03c4\u03ac\u03bb\u03bb\u03b7\u03bb\u03b7\u03c2 \u03c4\u03ac\u03c3\u03b7\u03c2\u00a0\u03c6\u03cc\u03c1\u03c4\u03b9\u03c3\u03b7\u03c2.<br \/>\n&#8211; \u03a0\u03c1\u03bf\u03c3\u03c4\u03b1\u03c3\u03af\u03b1 \u03b1\u03bd\u03ac\u03c0\u03bf\u03b4\u03b7\u03c2 \u03c4\u03bf\u03c0\u03bf\u03b8\u03ad\u03c4\u03b7\u03c3\u03b7\u03c2 \u03c4\u03b7\u03c2 \u03bc\u03c0\u03b1\u03c4\u03b1\u03c1\u03af\u03b1\u03c2 \u03ba\u03b1\u03b9 \u03c0\u03c1\u03bf\u03c3\u03c4\u03b1\u03c3\u03af\u03b1 \u03b1\u03c0\u03cc \u03b2\u03c1\u03b1\u03c7\u03c5\u03ba\u03cd\u03ba\u03bb\u03c9\u03bc\u03b1.<br \/>\n&#8211; \u039a\u03b1\u03c4\u03b1\u03c3\u03ba\u03b5\u03c5\u03b1\u03c3\u03bc\u03ad\u03bd\u03bf\u03c2 \u03b1\u03c0\u03cc \u03b1\u03bd\u03b8\u03b5\u03ba\u03c4\u03b9\u03ba\u03ac PC \u03c5\u03bb\u03b9\u03ba\u03ac (\u0395\u03c0\u03b9\u03b2\u03c1\u03b1\u03b4\u03c5\u03bd\u03c4\u03b9\u03ba\u03cc \u03c6\u03c9\u03c4\u03b9\u03ac\u03c2 \/ \u0391\u03bd\u03b8\u03b5\u03ba\u03c4\u03b9\u03ba\u03cc \u03c3\u03c4\u03b7 \u03c6\u03bb\u03cc\u03b3\u03b1).<br \/>\n&#8211; \u03a3\u03c7\u03b5\u03b4\u03b9\u03b1\u03c3\u03bc\u03ad\u03bd\u03bf\u03c2 \u03b3\u03b9\u03b1 \u03c4\u03b7\u03bd \u03ba\u03b1\u03bb\u03cd\u03c4\u03b5\u03c1\u03b7 \u03b4\u03b9\u03ac\u03c7\u03c5\u03c3\u03b7 \u03c4\u03b7\u03c2 \u03b8\u03b5\u03c1\u03bc\u03cc\u03c4\u03b7\u03c4\u03b1\u03c2.<br \/>\n&#8211; \u03a0\u03b9\u03c3\u03c4\u03bf\u03c0\u03bf\u03b9\u03b7\u03bc\u03ad\u03bd\u03bf\u03c2 \u03c3\u03cd\u03bc\u03c6\u03c9\u03bd\u03b1 \u03bc\u03b5 RoHS, CE, FCC \u03ba\u03b1\u03b9 CEC.<br \/>\n&#8211; \u0391\u03c3\u03c6\u03b1\u03bb\u03b9\u03c3\u03bc\u03ad\u03bd\u03bf\u03c2 \u03c3\u03b5 \u03c0\u03b1\u03b3\u03ba\u03cc\u03c3\u03bc\u03b9\u03bf \u03b5\u03c0\u03af\u03c0\u03b5\u03b4\u03bf \u03b1\u03c0\u03cc \u03c4\u03b7\u03bd \u0391\u03c3\u03c6\u03b1\u03bb\u03b9\u03c3\u03c4\u03b9\u03ba\u03ae \u03b5\u03c4\u03b1\u03b9\u03c1\u03af\u03b1 \u03c4\u03b7\u03c2 \u039a\u03af\u03bd\u03b1\u03c2 &#8220;Ping An Insurance (Group) Company of China ltd&#8221;<\/p>\n<p><strong>\u03a4\u03b5\u03c7\u03bd\u03b9\u03ba\u03ac \u03c7\u03b1\u03c1\u03b1\u03ba\u03c4\u03b7\u03c1\u03b9\u03c3\u03c4\u03b9\u03ba\u03ac<br \/>\n<\/strong>\u0395\u03af\u03c3\u03bf\u03b4\u03bf\u03c2: DC5V, &gt;500mA<br \/>\n\u03a4\u03ac\u03c3\u03b7 \u03b5\u03be\u03cc\u03b4\u03bf\u03c5:\u00a04.2V\u00b11% (slot)\/5V\u00b15% (USB), 1000mA MAX (slot)\/1000mA (USB)<br \/>\n\u03a3\u03c5\u03bc\u03b2\u03b1\u03c4\u03cc\u03c2 \u03bc\u03b5:\u00a026650\/18650\/17670\/18490\/17500\/17335\/16340(RCR123)\/14500\/10440<br \/>\n\u0394\u03b9\u03b1\u03c3\u03c4\u03ac\u03c3\u03b5\u03b9\u03c2:87.2mm\u00d724mm\u00d729.3mm<br \/>\n\u0392\u03ac\u03c1\u03bf\u03c2:\u00a030.4g, \u03c7\u03c9\u03c1\u03af\u03c2 \u03c4\u03bf \u03ba\u03b1\u03bb\u03ce\u03b4\u03b9\u03bf.<\/p>","protected":false},"excerpt":{"rendered":"<p>Nitecore&#039;dan kullan\u0131m\u0131 kolay, \u00e7ok ama\u00e7l\u0131 tek konumlu \u015farj cihaz\u0131. USB&#039;den \u015farj olur ve ba\u015fka bir cihaz\u0131 (g\u00fc\u00e7 bankas\u0131) \u015farj etmek i\u00e7in pilin ak\u0131m\u0131n\u0131 sa\u011flayabilir. A\u00e7\u0131k hava etkinlikleri i\u00e7in tasarland\u0131, k\u00fc\u00e7\u00fck, hafif ve dayan\u0131kl\u0131.<\/p>","protected":false},"featured_media":10131,"template":"","meta":{"_acf_changed":false,"_kadence_starter_templates_imported_post":false,"_kad_post_transparent":"","_kad_post_title":"","_kad_post_layout":"","_kad_post_sidebar_id":"","_kad_post_content_style":"","_kad_post_vertical_padding":"","_kad_post_feature":"","_kad_post_feature_position":"","_kad_post_header":false,"_kad_post_footer":false},"product_cat":[425],"product_tag":[],"class_list":{"0":"post-10129","1":"product","2":"type-product","3":"status-publish","4":"has-post-thumbnail","6":"product_cat-chargers","7":"product_shipping_class-mi-kapnika","9":"first","10":"instock","11":"taxable","12":"shipping-taxable","13":"purchasable","14":"product-type-simple","15":"entry","16":"content-bg","17":"loop-entry"},"acf":[],"_links":{"self":[{"href":"https:\/\/nicoteam.gr\/tr\/wp-json\/wp\/v2\/product\/10129","targetHints":{"allow":["GET"]}}],"collection":[{"href":"https:\/\/nicoteam.gr\/tr\/wp-json\/wp\/v2\/product"}],"about":[{"href":"https:\/\/nicoteam.gr\/tr\/wp-json\/wp\/v2\/types\/product"}],"wp:featuredmedia":[{"embeddable":true,"href":"https:\/\/nicoteam.gr\/tr\/wp-json\/wp\/v2\/media\/10131"}],"wp:attachment":[{"href":"https:\/\/nicoteam.gr\/tr\/wp-json\/wp\/v2\/media?parent=10129"}],"wp:term":[{"taxonomy":"product_cat","embeddable":true,"href":"https:\/\/nicoteam.gr\/tr\/wp-json\/wp\/v2\/product_cat?post=10129"},{"taxonomy":"product_tag","embeddable":true,"href":"https:\/\/nicoteam.gr\/tr\/wp-json\/wp\/v2\/product_tag?post=10129"}],"curies":[{"name":"wp","href":"https:\/\/api.w.org\/{rel}","templated":true}]}}