{"id":10111,"date":"2022-01-25T11:14:01","date_gmt":"2022-01-25T09:14:01","guid":{"rendered":"https:\/\/nicoteam.gr\/?post_type=product&#038;p=10111"},"modified":"2023-08-28T10:21:39","modified_gmt":"2023-08-28T08:21:39","slug":"nitecore-intellicharger-new-i4","status":"publish","type":"product","link":"https:\/\/nicoteam.gr\/tr\/product\/nitecore-intellicharger-new-i4\/","title":{"rendered":"NiteCore IntelliCharger Yeni I4"},"content":{"rendered":"<p>\u0394\u03c5\u03bd\u03b1\u03c4\u03cc\u03c4\u03b7\u03c4\u03b1 \u03bd\u03b1 \u03c6\u03bf\u03c1\u03c4\u03af\u03b6\u03b5\u03b9 4 \u03bc\u03c0\u03b1\u03c4\u03b1\u03c1\u03af\u03b5\u03c2 \u03c4\u03b1\u03c5\u03c4\u03cc\u03c7\u03c1\u03bf\u03bd\u03b1<br \/>\n\u0394\u03b9\u03c0\u03bb\u03ac\u03c3\u03b9\u03b1 \u03c4\u03b1\u03c7\u03cd\u03c4\u03b7\u03c4\u03b1 \u03c6\u03cc\u03c1\u03c4\u03b9\u03c3\u03b7\u03c2 \u03c3\u03b5 \u03c3\u03c7\u03ad\u03c3\u03b7 \u03bc\u03b5 \u03c4\u03bf\u03bd i4<br \/>\n\u03a4\u03b5\u03c7\u03bd\u03bf\u03bb\u03bf\u03b3\u03af\u03b1 \u0395\u03bd\u03b5\u03c1\u03b3\u03ae\u03c2 \u0394\u03b9\u03b1\u03bd\u03bf\u03bc\u03ae\u03c2 \u03c4\u03bf\u03c5 \u03c1\u03b5\u03cd\u03bc\u03b1\u03c4\u03bf\u03c2 \u03c6\u03cc\u03c1\u03c4\u03b9\u03c3\u03b7\u03c2 (ACD)<br \/>\n\u03a3\u03c5\u03bc\u03b2\u03b1\u03c4\u03cc\u03c2 \u03bc\u03b5 \u03bc\u03c0\u03b1\u03c4\u03b1\u03c1\u03af\u03b5\u03c2 1.2V, 3.7V, 4.2V, 4.35V<br \/>\n\u03a0\u03c1\u03cc\u03b3\u03c1\u03b1\u03bc\u03bc\u03b1 \u03c6\u03cc\u03c1\u03c4\u03b9\u03c3\u03b7\u03c2 \u03b2\u03b5\u03bb\u03c4\u03b9\u03c9\u03bc\u03ad\u03bd\u03bf \u03b3\u03b9\u03b1 \u03bc\u03c0\u03b1\u03c4\u03b1\u03c1\u03af\u03b5\u03c2 IMR<br \/>\n\u0391\u03c5\u03c4\u03cc\u03bc\u03b1\u03c4\u03b7 \u03b5\u03c0\u03b9\u03bb\u03bf\u03b3\u03ae \u03c1\u03b5\u03cd\u03bc\u03b1\u03c4\u03bf\u03c2 \u03c3\u03cd\u03bc\u03c6\u03c9\u03bd\u03b1 \u03bc\u03b5 \u03c4\u03b7\u03bd \u03c7\u03c9\u03c1\u03b7\u03c4\u03b9\u03ba\u03cc\u03c4\u03b7\u03c4\u03b1 \u03c4\u03b7\u03c2 \u03bc\u03c0\u03b1\u03c4\u03b1\u03c1\u03af\u03b1\u03c2<br \/>\n\u0391\u03c5\u03c4\u03cc\u03bc\u03b1\u03c4\u03b7 \u03b1\u03bd\u03b1\u03b3\u03bd\u03ce\u03c1\u03b9\u03c3\u03b7 \u03c4\u03c9\u03bd \u03bc\u03b7-\u03b5\u03c0\u03b1\u03bd\u03b1\u03c6\u03bf\u03c1\u03c4\u03b9\u03b6\u03cc\u03bc\u03b5\u03bd\u03c9\u03bd \u03bc\u03c0\u03b1\u03c4\u03b1\u03c1\u03b9\u03ce\u03bd \u03bb\u03b9\u03b8\u03af\u03bf\u03c5<br \/>\n\u0391\u03c5\u03c4\u03cc\u03bc\u03b1\u03c4\u03b7 \u03b1\u03bd\u03af\u03c7\u03bd\u03b5\u03c5\u03c3\u03b7 \u03c4\u03b7\u03c2 \u03ba\u03b1\u03c4\u03ac\u03c3\u03c4\u03b1\u03c3\u03b7\u03c2 \u03c1\u03b5\u03cd\u03bc\u03b1\u03c4\u03bf\u03c2 \u03c4\u03b7\u03c2 \u03bc\u03c0\u03b1\u03c4\u03b1\u03c1\u03af\u03b1\u03c2 \u03ba\u03b1\u03b9 \u03b5\u03bc\u03c6\u03ac\u03bd\u03b9\u03c3\u03b7 \u03c4\u03b7\u03c2 \u03c0\u03c1\u03bf\u03cc\u03b4\u03bf\u03c5 \u03c6\u03cc\u03c1\u03c4\u03b9\u03c3\u03b7\u03c2<br \/>\n\u0391\u03c5\u03c4\u03cc\u03bc\u03b1\u03c4\u03b1 \u03c3\u03c4\u03b1\u03bc\u03b1\u03c4\u03ac \u03c4\u03b7\u03bd \u03c6\u03cc\u03c1\u03c4\u03b9\u03c3\u03b7 \u03bc\u03cc\u03bb\u03b9\u03c2 \u03b1\u03c5\u03c4\u03ae \u03bf\u03bb\u03bf\u03ba\u03bb\u03b7\u03c1\u03c9\u03b8\u03b5\u03af<br \/>\n\u03a0\u03c1\u03bf\u03c3\u03c4\u03b1\u03c3\u03af\u03b1 \u03b1\u03c0\u03cc \u03b1\u03bd\u03ac\u03c0\u03bf\u03b4\u03b7 \u03c0\u03bf\u03bb\u03b9\u03ba\u03cc\u03c4\u03b7\u03c4\u03b1 \u03ba\u03b1\u03b9 \u03c0\u03c1\u03cc\u03bb\u03b7\u03c8\u03b7 \u03b2\u03c1\u03b1\u03c7\u03c5\u03ba\u03c5\u03ba\u03bb\u03ce\u03bc\u03b1\u03c4\u03bf\u03c2<br \/>\n\u0395\u03bd\u03b5\u03c1\u03b3\u03bf\u03c0\u03bf\u03af\u03b7\u03c3\u03b7 \u03c5\u03c0\u03ad\u03c1-\u03b1\u03c0\u03bf\u03c6\u03bf\u03c1\u03c4\u03b9\u03c3\u03bc\u03ad\u03bd\u03c9\u03bd \u03bc\u03c0\u03b1\u03c4\u03b1\u03c1\u03b9\u03ce\u03bd<br \/>\n\u03a0\u03c1\u03bf\u03c3\u03c4\u03b1\u03c3\u03af\u03b1 \u03b1\u03c0\u03cc \u03c5\u03c0\u03b5\u03c1\u03b2\u03ac\u03bb\u03bb\u03bf\u03c5\u03c3\u03b1 \u03c7\u03c1\u03bf\u03bd\u03b9\u03ba\u03ac \u03c6\u03cc\u03c1\u03c4\u03b9\u03c3\u03b7<br \/>\n\u0395\u03af\u03bd\u03b1\u03b9 \u03c0\u03b9\u03c3\u03c4\u03bf\u03c0\u03bf\u03b9\u03b7\u03bc\u03ad\u03bd\u03bf\u03c2 \u03b1\u03c0\u03cc RoHS, CE, FCC \u03ba\u03b1\u03b9 CEC<br \/>\n\u0395\u03af\u03bd\u03b1\u03b9 \u03c3\u03c5\u03bc\u03b2\u03b1\u03c4\u03cc\u03c2 \u03ba\u03b1\u03b9 \u03b1\u03bd\u03b1\u03b3\u03bd\u03c9\u03c1\u03af\u03b6\u03b5\u03b9 \u03c4\u03bf\u03c5\u03c2 \u03c0\u03b1\u03c1\u03b1\u03ba\u03ac\u03c4\u03c9 \u03c4\u03cd\u03c0\u03bf\u03c5\u03c2 \u03b5\u03c0\u03b1\u03bd\u03b1\u03c6\u03bf\u03c1\u03c4\u03b9\u03b6\u03cc\u03bc\u03b5\u03bd\u03c9\u03bd \u03bc\u03c0\u03b1\u03c4\u03b1\u03c1\u03b9\u03ce\u03bd: Li-ion (26650, 22650, 18650, 17670, 18490, 17500, 18350, 16340\/RCR123, 14500, 10440), Ni-MH \u03ba\u03b1\u03b9 Ni-Cd (AA, AAA, AAAA, C)<br \/>\n\u0395\u03bd\u03c3\u03c9\u03bc\u03b1\u03c4\u03ce\u03bd\u03b5\u03b9 \u03c4\u03c1\u03b5\u03b9\u03c2 \u03bb\u03b5\u03b9\u03c4\u03bf\u03c5\u03c1\u03b3\u03af\u03b5\u03c2 \u03c6\u03cc\u03c1\u03c4\u03b9\u03c3\u03b7\u03c2 (CC, CV, \u03ba\u03b1\u03b9 \u0391\u03c1\u03b3\u03ae \u03c6\u03cc\u03c1\u03c4\u03b9\u03c3\u03b7)<br \/>\n\u0395\u03bd\u03b4\u03b5\u03b9\u03ba\u03c4\u03b9\u03ba\u03ae \u03bb\u03c5\u03c7\u03bd\u03af\u03b1 LED \u03c4\u03c1\u03b9\u03ce\u03bd \u03c7\u03c1\u03c9\u03bc\u03ac\u03c4\u03c9\u03bd \u03b5\u03bc\u03c6\u03b1\u03bd\u03af\u03b6\u03b5\u03b9 \u03c4\u03b7\u03bd \u03c0\u03c1\u03cc\u03bf\u03b4\u03bf \u03c4\u03b7\u03c2 \u03c6\u03cc\u03c1\u03c4\u03b9\u03c3\u03b7\u03c2 \u03b3\u03b9\u03b1 \u03ba\u03ac\u03b8\u03b5 \u03bc\u03c0\u03b1\u03c4\u03b1\u03c1\u03af\u03b1<br \/>\n\u0391\u03c5\u03c4\u03cc\u03bc\u03b1\u03c4\u03b1 \u03b4\u03b9\u03b1\u03ba\u03cc\u03c0\u03c4\u03b5\u03b9 \u03c4\u03b7\u03bd \u03c6\u03cc\u03c1\u03c4\u03b9\u03c3\u03b7 \u03bc\u03cc\u03bb\u03b9\u03c2 \u03b1\u03c5\u03c4\u03ae \u03c4\u03b5\u03bb\u03b5\u03b9\u03ce\u03c3\u03b5\u03b9<br \/>\n\u0394\u03b9\u03b1\u03b8\u03ad\u03c4\u03b5\u03b9 \u03c0\u03c1\u03bf\u03c3\u03c4\u03b1\u03c3\u03af\u03b1 \u03c5\u03c0\u03b5\u03c1-\u03c6\u03cc\u03c1\u03c4\u03b9\u03c3\u03b7\u03c2 \u03b3\u03b9\u03b1 \u03c4\u03b7\u03bd \u03c0\u03c1\u03bf\u03c3\u03c4\u03b1\u03c3\u03af\u03b1 \u03c4\u03c9\u03bd \u03bc\u03c0\u03b1\u03c4\u03b1\u03c1\u03b9\u03ce\u03bd<br \/>\n\u0394\u03b9\u03b1\u03b8\u03ad\u03c4\u03b5\u03b9 \u03ad\u03bb\u03b5\u03b3\u03c7\u03bf \u03b8\u03b5\u03c1\u03bc\u03bf\u03ba\u03c1\u03b1\u03c3\u03af\u03b1\u03c2 \u03b3\u03b9\u03b1 \u03c4\u03b7\u03bd \u03c0\u03c1\u03cc\u03bb\u03b7\u03c8\u03b7 \u03c5\u03c0\u03b5\u03c1\u03b8\u03ad\u03c1\u03bc\u03b1\u03bd\u03c3\u03b7\u03c2<br \/>\n\u039a\u03b1\u03c4\u03b1\u03c3\u03ba\u03b5\u03c5\u03b1\u03c3\u03bc\u03ad\u03bd\u03bf \u03b1\u03c0\u03cc \u03b1\u03bd\u03b8\u03b5\u03ba\u03c4\u03b9\u03ba\u03cc \u03c3\u03c5\u03bd\u03b8\u03b5\u03c4\u03b9\u03ba\u03cc \u03c5\u03bb\u03b9\u03ba\u03cc ABS (\u0395\u03c0\u03b9\u03b2\u03c1\u03b1\u03b4\u03c5\u03bd\u03c4\u03b9\u03ba\u03cc \u03c6\u03c9\u03c4\u03b9\u03ac\u03c2\/\u03c0\u03c5\u03c1\u03af\u03bc\u03b1\u03c7\u03bf)<\/p>\n<p><strong>\u00d6zellikler:<\/strong><br \/>\n\u03a1\u03b5\u03cd\u03bc\u03b1 \u03b5\u03b9\u03c3\u03cc\u03b4\u03bf\u03c5: AC 100~240V 50\/60Hz 0,25A (max) 10W DC 9 ~ 12V 1A<br \/>\n\u03a4\u03ac\u03c3\u03b7 \u03b5\u03be\u03cc\u03b4\u03bf\u03c5: 4.35V +\/1% \/ 4.2V +\/-1% \/ 3.7V +\/-1% \/ 1.48V +\/-1%<br \/>\n\u03a1\u03b5\u03cd\u03bc\u03b1 \u0395\u03be\u03cc\u03b4\u03bf\u03c5: 1500mA x 1 \/ 750mA x 2 \/ 500mA x 2 \/ 375mA x 4<br \/>\n\u03a6\u03bf\u03c1\u03c4\u03af\u03b6\u03b5\u03b9 Li-ion \/ IMR \/ Li-FePO4 (10340, 10350, 10440, 10500, 12340, 12500, 12650, 13450, 13500, 13650, 14350, 14430, 14500, 14650, 16500,16340(RCR123), 16650, 17350, 17500, 17650, 17670, 18350, 18490, 18500,18650, 18700, 20700, 21700, 22500, 22650,25500, 26500, 26650), Ni-MH \u03ba\u03b1\u03b9 Ni-Cd (AA, AAA, AAAA, C)<\/p>","protected":false},"excerpt":{"rendered":"<p>NITECORE, INTLICHARGER NEW i4&#039;ten 4 Ni-MH \/ Ni-Cd ve Li-Ion \/ IMR pil i\u00e7in \u015farj cihaz\u0131. AA, AAA, AAAA, C, 18650, RCR123 gibi hemen hemen t\u00fcm \u015farj edilebilir pil t\u00fcrleri ile uyumludur.<br \/>\nPil tipini tespit edip uygun \u015farj modunu uygulayabilmektedir. D\u00f6rt \u015farj yuvas\u0131n\u0131n her biri, i4&#039;\u00fcn pilleri ba\u011f\u0131ms\u0131z olarak izleme ve \u015farj etme kapasitesine sahip mikro bilgisayar\u0131 taraf\u0131ndan kontrol edilir. 1500 mAh&#039;a kadar \u015farj ak\u0131m\u0131.<br \/>\n\u015earj program\u0131 ayn\u0131 zamanda IMR ak\u00fclerin \u015farjlar\u0131 boyunca onlar\u0131 kontrol etmesi ve ald\u0131klar\u0131 son ak\u0131m\u0131n izin verilen s\u0131n\u0131rlar dahilinde olmas\u0131n\u0131 sa\u011flamak i\u00e7in tasarlanm\u0131\u015ft\u0131r.<br \/>\nTers polarite korumas\u0131 vard\u0131r ve pilleri korumak i\u00e7in art arda 20 saati a\u015ft\u0131\u011f\u0131nda \u015farj\u0131 durdurur.<br \/>\nOtomatik, ak\u0131ll\u0131 s\u0131cakl\u0131k kontrol sistemi, a\u015f\u0131r\u0131 \u0131s\u0131nmay\u0131 \u00f6nlemek ve g\u00fcvenli \u015farj\u0131 sa\u011flamak i\u00e7in i\u00e7 s\u0131cakl\u0131\u011f\u0131 s\u00fcrekli olarak izler.<\/p>","protected":false},"featured_media":10112,"template":"","meta":{"_acf_changed":false,"_kadence_starter_templates_imported_post":false,"_kad_post_transparent":"","_kad_post_title":"","_kad_post_layout":"","_kad_post_sidebar_id":"","_kad_post_content_style":"","_kad_post_vertical_padding":"","_kad_post_feature":"","_kad_post_feature_position":"","_kad_post_header":false,"_kad_post_footer":false},"product_cat":[425],"product_tag":[],"class_list":{"0":"post-10111","1":"product","2":"type-product","3":"status-publish","4":"has-post-thumbnail","6":"product_cat-chargers","7":"product_shipping_class-mi-kapnika","9":"first","10":"instock","11":"taxable","12":"shipping-taxable","13":"purchasable","14":"product-type-simple","15":"entry","16":"content-bg","17":"loop-entry"},"acf":[],"_links":{"self":[{"href":"https:\/\/nicoteam.gr\/tr\/wp-json\/wp\/v2\/product\/10111","targetHints":{"allow":["GET"]}}],"collection":[{"href":"https:\/\/nicoteam.gr\/tr\/wp-json\/wp\/v2\/product"}],"about":[{"href":"https:\/\/nicoteam.gr\/tr\/wp-json\/wp\/v2\/types\/product"}],"wp:featuredmedia":[{"embeddable":true,"href":"https:\/\/nicoteam.gr\/tr\/wp-json\/wp\/v2\/media\/10112"}],"wp:attachment":[{"href":"https:\/\/nicoteam.gr\/tr\/wp-json\/wp\/v2\/media?parent=10111"}],"wp:term":[{"taxonomy":"product_cat","embeddable":true,"href":"https:\/\/nicoteam.gr\/tr\/wp-json\/wp\/v2\/product_cat?post=10111"},{"taxonomy":"product_tag","embeddable":true,"href":"https:\/\/nicoteam.gr\/tr\/wp-json\/wp\/v2\/product_tag?post=10111"}],"curies":[{"name":"wp","href":"https:\/\/api.w.org\/{rel}","templated":true}]}}