{"id":10096,"date":"2022-01-25T10:48:16","date_gmt":"2022-01-25T08:48:16","guid":{"rendered":"https:\/\/nicoteam.gr\/?post_type=product&#038;p=10096"},"modified":"2023-08-28T10:21:39","modified_gmt":"2023-08-28T08:21:39","slug":"nitecore-intellicharger-new-i2","status":"publish","type":"product","link":"https:\/\/nicoteam.gr\/tr\/product\/nitecore-intellicharger-new-i2\/","title":{"rendered":"NITECORE Intellicharger YEN\u0130 i2"},"content":{"rendered":"<p>\u0394\u03b9\u03c0\u03bb\u03ac\u03c3\u03b9\u03b1 \u03c4\u03b1\u03c7\u03cd\u03c4\u03b7\u03c4\u03b1 \u03c6\u03cc\u03c1\u03c4\u03b9\u03c3\u03b7\u03c2 \u03c3\u03b5 \u03c3\u03c7\u03ad\u03c3\u03b7 \u03bc\u03b5 \u03c4\u03bf \u03c0\u03b1\u03bb\u03b1\u03b9\u03cc\u03c4\u03b5\u03c1\u03bf\u00a0\u03bc\u03bf\u03bd\u03c4\u03ad\u03bb\u03bf i2<\/p>\n<p>&#8211; \u03a4\u03b5\u03c7\u03bd\u03bf\u03bb\u03bf\u03b3\u03af\u03b1 \u03b5\u03bd\u03b5\u03c1\u03b3\u03ae\u03c2 \u03b4\u03b9\u03b1\u03bd\u03bf\u03bc\u03ae\u03c2 \u03c4\u03bf\u03c5 \u03c1\u03b5\u03cd\u03bc\u03b1\u03c4\u03bf\u03c2 (ACD)<\/p>\n<p>&#8211; \u03a3\u03c5\u03bc\u03b2\u03b1\u03c4\u03cc\u03c2 \u03bc\u03b5 \u03bc\u03c0\u03b1\u03c4\u03b1\u03c1\u03af\u03b5\u03c2 1.2V, 3.7V, 4.2V, 4.35V<\/p>\n<p>&#8211; \u03a0\u03c1\u03cc\u03b3\u03c1\u03b1\u03bc\u03bc\u03b1 \u03c6\u03cc\u03c1\u03c4\u03b9\u03c3\u03b7\u03c2 \u03b2\u03b5\u03bb\u03c4\u03b9\u03c9\u03bc\u03ad\u03bd\u03bf \u03b3\u03b9\u03b1 \u03bc\u03c0\u03b1\u03c4\u03b1\u03c1\u03af\u03b5\u03c2 IMR<\/p>\n<p>&#8211; \u0391\u03c5\u03c4\u03cc\u03bc\u03b1\u03c4\u03b7 \u03b5\u03c0\u03b9\u03bb\u03bf\u03b3\u03ae \u03c4\u03bf\u03c5 \u03c1\u03b5\u03cd\u03bc\u03b1\u03c4\u03bf\u03c2 \u03c6\u03cc\u03c1\u03c4\u03b9\u03c3\u03b7\u03c2 \u03b1\u03bd\u03ac\u03bb\u03bf\u03b3\u03b1 \u03bc\u03b5 \u03c4\u03b7\u03bd \u03c7\u03c9\u03c1\u03b7\u03c4\u03b9\u03ba\u03cc\u03c4\u03b7\u03c4\u03b1 \u03c4\u03b7\u03c2 \u03bc\u03c0\u03b1\u03c4\u03b1\u03c1\u03af\u03b1\u03c2<\/p>\n<p>&#8211; \u0391\u03c5\u03c4\u03cc\u03bc\u03b1\u03c4\u03b7 \u03b1\u03bd\u03b1\u03b3\u03bd\u03ce\u03c1\u03b9\u03c3\u03b7 \u039c\u0397-\u03b5\u03c0\u03b1\u03bd\u03b1\u03c6\u03bf\u03c1\u03c4\u03b9\u03b6\u03cc\u03bc\u03b5\u03bd\u03c9\u03bd \u03bc\u03c0\u03b1\u03c4\u03b1\u03c1\u03b9\u03ce\u03bd\u00a0\u039b\u03b9\u03b8\u03af\u03bf\u03c5<\/p>\n<p>&#8211; \u0399\u03ba\u03b1\u03bd\u03cc\u03c2 \u03bd\u03b1 \u03c6\u03bf\u03c1\u03c4\u03af\u03c3\u03b5\u03b9 \u03b4\u03cd\u03bf \u03bc\u03c0\u03b1\u03c4\u03b1\u03c1\u03af\u03b5\u03c2<\/p>\n<p>&#8211; \u0394\u03cd\u03bf \u03b8\u03ad\u03c3\u03b5\u03b9\u03c2 \u03c6\u03cc\u03c1\u03c4\u03b9\u03c3\u03b7\u03c2, \u03c6\u03bf\u03c1\u03c4\u03af\u03b6\u03bf\u03c5\u03bd \u03ba\u03b1\u03b9 \u03b5\u03bb\u03ad\u03b3\u03c7\u03bf\u03bd\u03c4\u03b1\u03b9 \u03b1\u03bd\u03b5\u03be\u03ac\u03c1\u03c4\u03b7\u03c4\u03b1<\/p>\n<p>&#8211; \u0391\u03c5\u03c4\u03cc\u03bc\u03b1\u03c4\u03b1 \u03b1\u03bd\u03b1\u03b3\u03bd\u03c9\u03c1\u03af\u03b6\u03b5\u03b9 \u03c4\u03bf \u03b5\u03c0\u03af\u03c0\u03b5\u03b4\u03bf \u03b5\u03bd\u03ad\u03c1\u03b3\u03b5\u03b9\u03b1\u03c2 \u03c4\u03b7\u03c2 \u03bc\u03c0\u03b1\u03c4\u03b1\u03c1\u03af\u03b1\u03c2 \u03ba\u03b1\u03b9 \u03b5\u03bc\u03c6\u03b1\u03bd\u03af\u03b6\u03b5\u03b9 \u03c3\u03c4\u03b7\u03bd \u03bf\u03b8\u03cc\u03bd\u03b7 \u03c4\u03b7\u03bd \u03c0\u03c1\u03cc\u03bf\u03b4\u03bf \u03c6\u03cc\u03c1\u03c4\u03b9\u03c3\u03b7\u03c2<\/p>\n<p>&#8211;\u00a0\u03a3\u03c4\u03b1\u03bc\u03b1\u03c4\u03ac \u03b1\u03c5\u03c4\u03cc\u03bc\u03b1\u03c4\u03b1 \u03c4\u03b7\u03bd \u03b4\u03b9\u03b1\u03b4\u03b9\u03ba\u03b1\u03c3\u03af\u03b1\u00a0\u03c6\u03cc\u03c1\u03c4\u03b9\u03c3\u03b7\u03c2 \u03bc\u03cc\u03bb\u03b9\u03c2 \u03b1\u03c5\u03c4\u03ae \u03bf\u03bb\u03bf\u03ba\u03bb\u03b7\u03c1\u03c9\u03b8\u03b5\u03af.<\/p>\n<p>&#8211;\u00a0\u0394\u03b9\u03b1\u03b8\u03ad\u03c4\u03b5\u03b9 \u03c0\u03c1\u03bf\u03c3\u03c4\u03b1\u03c3\u03af\u03b1 \u03b1\u03c0\u03cc \u03b1\u03bd\u03ac\u03c0\u03bf\u03b4\u03b7 \u03c0\u03bf\u03bb\u03b9\u03ba\u03cc\u03c4\u03b7\u03c4\u03b1 \u03ba\u03b1\u03b9 \u03c0\u03c1\u03cc\u03bb\u03b7\u03c8\u03b7 \u03b2\u03c1\u03b1\u03c7\u03c5\u03ba\u03c5\u03ba\u03bb\u03ce\u03bc\u03b1\u03c4\u03bf\u03c2<\/p>\n<p>&#8211; \u0395\u03bd\u03b5\u03c1\u03b3\u03bf\u03c0\u03bf\u03af\u03b7\u03c3\u03b7 \u03c5\u03c0\u03b5\u03c1 &#8211; \u03b1\u03c0\u03bf\u03c6\u03bf\u03c1\u03c4\u03b9\u03c3\u03bc\u03ad\u03bd\u03b7\u03c2 \u03bc\u03c0\u03b1\u03c4\u03b1\u03c1\u03af\u03b1\u03c2<\/p>\n<p>&#8211; \u03a0\u03c1\u03bf\u03c3\u03c4\u03b1\u03c3\u03af\u03b1 \u03b1\u03c0\u03cc \u03c5\u03c0\u03b5\u03c1\u03b2\u03bf\u03bb\u03b9\u03ba\u03ae \u03c7\u03c1\u03bf\u03bd\u03b9\u03ba\u03ac \u03c6\u03cc\u03c1\u03c4\u03b9\u03c3\u03b7<\/p>\n<p>&#8211; \u03a3\u03c7\u03b5\u03b4\u03b9\u03b1\u03c3\u03bc\u03ad\u03bd\u03bf\u03c2 \u03b3\u03b9\u03b1 \u03c4\u03b7\u03bd \u03b2\u03ad\u03bb\u03c4\u03b9\u03c3\u03c4\u03b7 \u03b1\u03c0\u03b1\u03b3\u03c9\u03b3\u03ae \u03c4\u03b7\u03c2 \u03b8\u03b5\u03c1\u03bc\u03cc\u03c4\u03b7\u03c4\u03b1\u03c2<\/p>\n<p>&#8211; \u0395\u03af\u03bd\u03b1\u03b9 \u03ba\u03b1\u03c4\u03b1\u03c3\u03ba\u03b5\u03c5\u03b1\u03c3\u03bc\u03ad\u03bd\u03bf\u03c2 \u03b1\u03c0\u03cc \u03c0\u03bf\u03bb\u03c5\u03ba\u03b1\u03c1\u03b2\u03bf\u03bd\u03b9\u03ba\u03ac \u03c5\u03bb\u03b9\u03ba\u03ac \u03b1\u03bd\u03b8\u03b5\u03ba\u03c4\u03b9\u03ba\u03ac \u03c3\u03c4\u03b7\u03bd \u03c6\u03c9\u03c4\u03b9\u03ac \u03ba\u03b1\u03b9 \u03b5\u03c0\u03b9\u03b2\u03c1\u03b1\u03b4\u03c5\u03bd\u03c4\u03b9\u03ba\u03ac \u03c4\u03b7\u03c2 \u03c6\u03bb\u03cc\u03b3\u03b1\u03c2<\/p>\n<p>&#8211; \u03a0\u03b9\u03c3\u03c4\u03bf\u03c0\u03bf\u03b9\u03b7\u03bc\u03ad\u03bd\u03bf\u03c2 \u03b1\u03c0\u03cc RoHS, CE, FCC \u03ba\u03b1\u03b9 CEC<\/p>\n<p>&#8211; \u0395\u03af\u03bd\u03b1\u03b9 \u03b1\u03c3\u03c6\u03b1\u03bb\u03b9\u03c3\u03bc\u03ad\u03bd\u03bf\u03c2 \u03c3\u03b5 \u03c0\u03b1\u03b3\u03ba\u03cc\u03c3\u03bc\u03b9\u03bf\u00a0\u03b5\u03c0\u03af\u03c0\u03b5\u03b4\u03bf \u03b1\u03c0\u03cc \u03c4\u03b7\u03bd\u00a0\u039a\u03b9\u03bd\u03ad\u03b6\u03b9\u03ba\u03b7 \u0391\u03c3\u03c6\u03b1\u03bb\u03b9\u03c3\u03c4\u03b9\u03ba\u03ae \u03b5\u03c4\u03b1\u03b9\u03c1\u03af\u03b1 &#8220;Ping An Insurance (Group) Company of China Ltd.<\/p>\n<p><strong>\u03a4\u03b5\u03c7\u03bd\u03b9\u03ba\u03ac \u03c3\u03c4\u03bf\u03b9\u03c7\u03b5\u03af\u03b1\u00a0<\/strong><\/p>\n<p>\u03a1\u03b5\u03cd\u03bc\u03b1 \u03b5\u03b9\u03c3\u03cc\u03b4\u03bf\u03c5:\u00a0\u00a0\u00a0\u00a0\u00a0\u00a0\u00a0\u00a0\u00a0\u00a0\u00a0\u00a0 AC 110~240V\u00a0\u00a0 50\/60Hz\u00a0\u00a0\u00a0\u00a00.25A\u00a0\u00a0 (max) 8W<\/p>\n<p>DC 9~12 V<\/p>\n<p>\u03a4\u03ac\u03c3\u03b7\u00a0\u03b5\u03be\u03cc\u03b4\u03bf\u03c5:\u00a0\u00a0\u00a0\u00a0\u00a0\u00a0\u00a0\u00a0\u00a0\u00a0\u00a0\u00a0\u00a0\u00a0\u00a0 4.35V+\/-1%\u00a0 \/\u00a0 4,2V+\/-1%\u00a0 \/\u00a0 3.7V+\/-1%\u00a0\u00a0 \/\u00a0\u00a0 1.48V+\/-1%<\/p>\n<p>\u03a1\u03b5\u03cd\u03bc\u03b1 \u03b5\u03be\u03cc\u03b4\u03bf\u03c5:\u00a0\u00a0\u00a0\u00a0\u00a0\u00a0\u00a0\u00a0\u00a0\u00a0\u00a0\u00a0\u00a0\u00a0 500mA x 2 \/ 1000mA x 1<\/p>\n<p>\u03a3\u03c5\u03bc\u03b2\u03b1\u03c4\u03cc\u03c4\u03b7\u03c4\u03b1 \u03bc\u03b5:<\/p>\n<p>Li-ion \/ IMR \/ LiFePO4:<\/p>\n<p>10340, 10350, 10440, 10500, 12340, 12500, 12650, 13450, 13500, 13650, 14350, 14430, 14500, 14650, 16500,<\/p>\n<p>16340(RCR123), 16650, 17350, 17500, 17650, 17670, 18350, 18490, 18500,18650, 18700, 20700, 21700, 22500, 22650,<\/p>\n<p>25500, 26500, 26650<\/p>\n<p>Ni-MH (Ni-Cd):\u00a0\u00a0 AA, AAA, AAAA, C, D<\/p>\n<p>\u0394\u03b9\u03b1\u03c3\u03c4\u03ac\u03c3\u03b5\u03b9\u03c2:\u00a0\u00a0\u00a0\u00a0\u00a0\u00a0\u00a0\u00a0\u00a0 132mm x 70mm\u00a0 x\u00a0 35mm<\/p>\n<p>\u0392\u03ac\u03c1\u03bf\u03c2:\u00a0\u00a0\u00a0\u00a0\u00a0\u00a0\u00a0\u00a0\u00a0\u00a0\u00a0\u00a0\u00a0\u00a0\u00a0\u00a0 126g (\u03c7\u03c9\u03c1\u03af\u03c2 \u03bc\u03c0\u03b1\u03c4\u03b1\u03c1\u03af\u03b5\u03c2 \u03ba\u03b1\u03b9 \u03ba\u03b1\u03bb\u03ce\u03b4\u03b9\u03bf)<\/p>\n<p>\u03a3\u03c5\u03bc\u03b2\u03b1\u03c4\u03ad\u03c2 \u039c\u03c0\u03b1\u03c4\u03b1\u03c1\u03af\u03b5\u03c2<\/p>\n<p>Li-ion \/ IMR \/ LiFePO4 \/ Ni-MH \/ Ni-CD<\/p>","protected":false},"excerpt":{"rendered":"<p>NiteCore IntelliCharger New i2, hemen hemen t\u00fcm \u015farj edilebilir pillerle uyumlu, birden fazla \u015farj cihaz\u0131na olan ihtiyac\u0131 ortadan kald\u0131ran 2 konumlu bir ak\u0131ll\u0131 \u015farj cihaz\u0131d\u0131r. i2, Li-ion, Ni-MH ve Ni-Cd pil t\u00fcr\u00fcn\u00fcz\u00fc otomatik olarak alg\u0131lar ve manuel se\u00e7im yoluyla LiFePO4 pilleri de \u015farj edebilir.<\/p>\n<ul>\n<li>\u00a0Ayn\u0131 anda 2 pili \u015farj edin<\/li>\n<li>Ba\u011f\u0131ms\u0131z olarak izler ve \u015farj eder<\/li>\n<li>Li-ion, Ni-MH ve Ni-Cd \u015farj edilebilir pilleri otomatik olarak alg\u0131lar<\/li>\n<li>3 \u015farj modu (CC-Sabit \u015earj Ak\u0131m\u0131, CV-Sabit \u015earj Gerilimi ve Trickle Charge Ters Y\u00f6nl\u00fcl\u00fc\u011f\u00fc)<\/li>\n<li>hem \u015farj cihaz\u0131n\u0131n hem de pillerin korunmas\u0131<\/li>\n<li>Optimum \u0131s\u0131 da\u011f\u0131l\u0131m\u0131 i\u00e7in tasarland\u0131<\/li>\n<\/ul>","protected":false},"featured_media":10097,"template":"","meta":{"_acf_changed":false,"_kadence_starter_templates_imported_post":false,"_kad_post_transparent":"","_kad_post_title":"","_kad_post_layout":"","_kad_post_sidebar_id":"","_kad_post_content_style":"","_kad_post_vertical_padding":"","_kad_post_feature":"","_kad_post_feature_position":"","_kad_post_header":false,"_kad_post_footer":false},"product_cat":[425],"product_tag":[],"class_list":{"0":"post-10096","1":"product","2":"type-product","3":"status-publish","4":"has-post-thumbnail","6":"product_cat-chargers","7":"product_shipping_class-mi-kapnika","9":"first","10":"instock","11":"taxable","12":"shipping-taxable","13":"purchasable","14":"product-type-simple","15":"entry","16":"content-bg","17":"loop-entry"},"acf":[],"_links":{"self":[{"href":"https:\/\/nicoteam.gr\/tr\/wp-json\/wp\/v2\/product\/10096","targetHints":{"allow":["GET"]}}],"collection":[{"href":"https:\/\/nicoteam.gr\/tr\/wp-json\/wp\/v2\/product"}],"about":[{"href":"https:\/\/nicoteam.gr\/tr\/wp-json\/wp\/v2\/types\/product"}],"wp:featuredmedia":[{"embeddable":true,"href":"https:\/\/nicoteam.gr\/tr\/wp-json\/wp\/v2\/media\/10097"}],"wp:attachment":[{"href":"https:\/\/nicoteam.gr\/tr\/wp-json\/wp\/v2\/media?parent=10096"}],"wp:term":[{"taxonomy":"product_cat","embeddable":true,"href":"https:\/\/nicoteam.gr\/tr\/wp-json\/wp\/v2\/product_cat?post=10096"},{"taxonomy":"product_tag","embeddable":true,"href":"https:\/\/nicoteam.gr\/tr\/wp-json\/wp\/v2\/product_tag?post=10096"}],"curies":[{"name":"wp","href":"https:\/\/api.w.org\/{rel}","templated":true}]}}