{"id":10065,"date":"2022-01-25T10:32:37","date_gmt":"2022-01-25T08:32:37","guid":{"rendered":"https:\/\/nicoteam.gr\/?post_type=product&#038;p=10065"},"modified":"2023-08-28T10:21:39","modified_gmt":"2023-08-28T08:21:39","slug":"nitecore-q2-quick-charger","status":"publish","type":"product","link":"https:\/\/nicoteam.gr\/tr\/product\/nitecore-q2-quick-charger\/","title":{"rendered":"NiteCore Q2 H\u0131zl\u0131 \u015farj cihaz\u0131"},"content":{"rendered":"<p>&#8211; \u0399\u03ba\u03b1\u03bd\u03cc\u03c2 \u03bd\u03b1 \u03c6\u03bf\u03c1\u03c4\u03af\u03c3\u03b5\u03b9 2 \u03bc\u03c0\u03b1\u03c4\u03b1\u03c1\u03af\u03b5\u03c2 Li-ion \u03c4\u03b1\u03c5\u03c4\u03cc\u03c7\u03c1\u03bf\u03bd\u03b1<\/p>\n<p>&#8211; \u0395\u03bb\u03ad\u03b3\u03c7\u03b5\u03b9 \u03ba\u03b1\u03b9 \u03c6\u03bf\u03c1\u03c4\u03af\u03b6\u03b5\u03b9 \u03ba\u03ac\u03b8\u03b5 \u03bc\u03af\u03b1 \u03b8\u03ad\u03c3\u03b7\u03c6\u03cc\u03c1\u03c4\u03b9\u03c3\u03b7\u03c2 \u03be\u03b5\u03c7\u03c9\u03c1\u03b9\u03c3\u03c4\u03ac.<\/p>\n<p>&#8211; \u0395\u03bd\u03b5\u03c1\u03b3\u03ae \u03b4\u03b9\u03b1\u03bd\u03bf\u03bc\u03ae \u03c1\u03b5\u03cd\u03bc\u03b1\u03c4\u03bf\u03c2 (ACD)<\/p>\n<p>&#8211; \u0394\u03b9\u03b1\u03b8\u03ad\u03c4\u03b5\u03b9 \u03b4\u03cd\u03bf \u03bc\u03b5\u03b8\u03cc\u03b4\u03bf\u03c5\u03c2 \u03c6\u03cc\u03c1\u03c4\u03b9\u03c3\u03b7\u03c2 (\u03a3\u03c4\u03b1\u03b8\u03b5\u03c1\u03cc \u03c1\u03b5\u03cd\u03bc\u03b1 \u03ba\u03b1\u03b9 \u03a3\u03c4\u03b1\u03b8\u03b5\u03c1\u03ae \u03c4\u03ac\u03c3\u03b7)<\/p>\n<p>&#8211; \u0391\u03bd\u03b9\u03c7\u03bd\u03b5\u03cd\u03b5\u03b9 \u03b1\u03c5\u03c4\u03cc\u03bc\u03b1\u03c4\u03b1 \u03c4\u03bf \u03b5\u03c0\u03af\u03c0\u03b5\u03b4\u03bf \u03b9\u03c3\u03c7\u03cd\u03bf\u03c2 \u03c4\u03c9\u03bd \u03bc\u03c0\u03b1\u03c4\u03b1\u03c1\u03b9\u03ce\u03bd \u03ba\u03b1\u03b9 \u03b5\u03c0\u03b9\u03bb\u03ad\u03b3\u03b5\u03b9 \u03c4\u03b7\u03bd \u03ba\u03b1\u03c4\u03ac\u03bb\u03bb\u03b7\u03bb\u03b7 \u03c4\u03ac\u03c3\u03b7 \u03ba\u03b1\u03b9 \u03bc\u03ad\u03b8\u03bf\u03b4\u03bf \u03c6\u03cc\u03c1\u03c4\u03b9\u03c3\u03b7\u03c2<\/p>\n<p>&#8211; \u03a0\u03c1\u03bf\u03c3\u03c4\u03b1\u03c3\u03af\u03b1 \u03c5\u03c0\u03b5\u03c1\u03c6\u03cc\u03c1\u03c4\u03b9\u03c3\u03b7\u03c2<\/p>\n<p>&#8211; \u03a0\u03c1\u03bf\u03c3\u03c4\u03b1\u03c3\u03af\u03b1 \u03b1\u03bd\u03ac\u03c0\u03bf\u03b4\u03b7\u03c2 \u03c0\u03bf\u03bb\u03b9\u03ba\u03cc\u03c4\u03b7\u03c4\u03b1\u03c2 \u03ba\u03b1\u03b9 \u03c0\u03c1\u03bf\u03c3\u03c4\u03b1\u03c3\u03af\u03b1 \u03b2\u03c1\u03b1\u03c7\u03c5\u03ba\u03c5\u03ba\u03bb\u03ce\u03bc\u03b1\u03c4\u03bf\u03c2<\/p>\n<p>&#8211; \u03a3\u03c5\u03bc\u03b2\u03b1\u03c4\u03cc\u03c2 \u03bc\u03b5 \u03b1\u03bd\u03c4\u03ac\u03c0\u03c4\u03bf\u03c1\u03b1 \u03b1\u03c5\u03c4\u03bf\u03ba\u03b9\u03bd\u03ae\u03c4\u03bf\u03c5<\/p>\n<p>&#8211; \u03a3\u03c7\u03b5\u03b4\u03b9\u03b1\u03c3\u03bc\u03ad\u03bd\u03bf\u03c2 \u03b3\u03b9\u03b1 \u03bc\u03ad\u03b3\u03b9\u03c3\u03c4\u03b7 \u03b4\u03b9\u03ac\u03c7\u03c5\u03c3\u03b7 \u03b8\u03b5\u03c1\u03bc\u03bf\u03ba\u03c1\u03b1\u03c3\u03af\u03b1\u03c2<\/p>\n<p>&#8211; \u039a\u03b1\u03c4\u03b1\u03c3\u03ba\u03b5\u03c5\u03b1\u03c3\u03bc\u03ad\u03bd\u03bf\u03c2 \u03b1\u03c0\u03cc \u03b1\u03bd\u03b8\u03b5\u03ba\u03c4\u03b9\u03ba\u03ac \u03c0\u03bf\u03bb\u03c5\u03ba\u03b1\u03c1\u03b2\u03bf\u03bd\u03b9\u03ba\u03ac \u03c5\u03bb\u03b9\u03ba\u03ac (PC)<\/p>\n<p>&#8211; \u03a0\u03b9\u03c3\u03c4\u03bf\u03c0\u03bf\u03b9\u03b7\u03bc\u03ad\u03bd\u03bf\u03c2 \u03c3\u03cd\u03bc\u03c6\u03c9\u03bd\u03b1 \u03bc\u03b5 RoHS, CE, FCC \u03ba\u03b1\u03b9 CEC<\/p>\n<p>&#8211; \u0391\u03c3\u03c6\u03b1\u03bb\u03b9\u03c3\u03bc\u03ad\u03bd\u03bf\u03c2 \u03c3\u03b5 \u03c0\u03b1\u03b3\u03ba\u03cc\u03c3\u03bc\u03b9\u03bf \u03b5\u03c0\u03af\u03c0\u03b5\u03b4\u03bf \u03b1\u03c0\u03cc \u03c4\u03b7\u03bd \u03b1\u03c3\u03c6\u03b1\u03bb\u03b9\u03c3\u03c4\u03b9\u03ba\u03ae \u03b5\u03c4\u03b1\u03b9\u03c1\u03af\u03b1 Ping An.<\/p>\n<p>\u0395\u03bd\u03bd\u03b1\u03bb\u03b1\u03ba\u03c4\u03b9\u03ba\u03cc\u03c2 \u03ba\u03c9\u03b4\u03b9\u03ba\u03cc\u03c2:<\/p>\n<p>Q2-Black<\/p>\n<p>&nbsp;<\/p>\n<p>\u03a4\u03b5\u03c7\u03bd\u03b9\u03ba\u03ac \u03a7\u03b1\u03c1\u03b1\u03ba\u03c4\u03b7\u03c1\u03b9\u03c3\u03c4\u03b9\u03ba\u03ac &#8211; \u03a6\u03bf\u03c1\u03c4\u03b9\u03c3\u03c4\u03ad\u03c2<\/p>\n<p>\u03a3\u03c5\u03bc\u03b2\u03b1\u03c4\u03ad\u03c2 \u039c\u03c0\u03b1\u03c4\u03b1\u03c1\u03af\u03b5\u03c2<\/p>\n<p>\u039c\u03c0\u03b1\u03c4\u03b1\u03c1\u03af\u03b5\u03c2 Li-ion \/ IMR: 10340, 10350, 10440, 10500, 12340, 12500, 12650, 13450, 13500, 13650, 14350, 14430, 14500, 14650, 16500, 16340 (RCR123), 16650, 17350, 17500, 17650, 17670, 17700, 18350, 18490, 18500, 18650, 18700, 22500, 22650, 25500, 26500, 26700, 20700, 21700, 22700.<\/p>\n<p>\u03a1\u03b5\u03cd\u03bc\u03b1 \u0395\u0399\u03c3\u03cc\u03b4\u03bf\u03c5<\/p>\n<p>DC12V 1000mA 12W<\/p>\n<p>\u03a1\u03b5\u03cd\u03bc\u03b1 \u03b5\u03be\u03cc\u03b4\u03bf\u03c5 \u03b1\u03bd\u03ac \u03b8\u03ad\u03c3\u03b7 \u03c6\u03cc\u03c1\u03c4\u03b9\u03c3\u03b7\u03c2<\/p>\n<p>4,2V \u00b11% | 2A*1 | 1A*2<\/p>","protected":false},"excerpt":{"rendered":"<p>Her \u015farj konumunda 2000 mA&#039;ya kadar \u015farj ak\u0131m\u0131na sahip yepyeni Q \u015farj cihaz\u0131 serisi. Q2 \u015farj cihazlar\u0131, IMR piller i\u00e7in devrim niteli\u011finde bir \u015farj sistemine sahiptir ve iki Li-ion pili ba\u011f\u0131ms\u0131z olarak \u015farj eder.<\/p>\n<p>Pil durumunu otomatik olarak alg\u0131lar ve ideal \u015farj y\u00f6ntemini ayarlar. Ters polarite korumas\u0131 ve k\u0131sa devre korumas\u0131 vard\u0131r. Koruma devresi ile \u00f6l\u00fc pilleri aktif hale getirme \u00f6zelli\u011fine sahiptir. Piller tak\u0131ld\u0131ktan sonra Q2 bunlar\u0131 kontrol eder ve gerekirse etkinle\u015ftirir. A\u015f\u0131r\u0131 \u015farj korumas\u0131yla Q2, her \u015farj konumunu ba\u011f\u0131ms\u0131z olarak kontrol eder ve 20 saati a\u015farsa \u015farj\u0131 otomatik olarak durdurur. Bu \u00f6zellik d\u00fc\u015f\u00fck kaliteli pillerden kaynaklanabilecek riski azalt\u0131r.<\/p>","protected":false},"featured_media":10090,"template":"","meta":{"_acf_changed":false,"_kadence_starter_templates_imported_post":false,"_kad_post_transparent":"","_kad_post_title":"","_kad_post_layout":"","_kad_post_sidebar_id":"","_kad_post_content_style":"","_kad_post_vertical_padding":"","_kad_post_feature":"","_kad_post_feature_position":"","_kad_post_header":false,"_kad_post_footer":false},"product_cat":[425],"product_tag":[],"class_list":{"0":"post-10065","1":"product","2":"type-product","3":"status-publish","4":"has-post-thumbnail","6":"product_cat-chargers","7":"product_shipping_class-mi-kapnika","9":"first","10":"instock","11":"taxable","12":"shipping-taxable","13":"purchasable","14":"product-type-simple","15":"entry","16":"content-bg","17":"loop-entry"},"acf":[],"_links":{"self":[{"href":"https:\/\/nicoteam.gr\/tr\/wp-json\/wp\/v2\/product\/10065","targetHints":{"allow":["GET"]}}],"collection":[{"href":"https:\/\/nicoteam.gr\/tr\/wp-json\/wp\/v2\/product"}],"about":[{"href":"https:\/\/nicoteam.gr\/tr\/wp-json\/wp\/v2\/types\/product"}],"wp:featuredmedia":[{"embeddable":true,"href":"https:\/\/nicoteam.gr\/tr\/wp-json\/wp\/v2\/media\/10090"}],"wp:attachment":[{"href":"https:\/\/nicoteam.gr\/tr\/wp-json\/wp\/v2\/media?parent=10065"}],"wp:term":[{"taxonomy":"product_cat","embeddable":true,"href":"https:\/\/nicoteam.gr\/tr\/wp-json\/wp\/v2\/product_cat?post=10065"},{"taxonomy":"product_tag","embeddable":true,"href":"https:\/\/nicoteam.gr\/tr\/wp-json\/wp\/v2\/product_tag?post=10065"}],"curies":[{"name":"wp","href":"https:\/\/api.w.org\/{rel}","templated":true}]}}