{"id":10061,"date":"2022-01-25T10:18:58","date_gmt":"2022-01-25T08:18:58","guid":{"rendered":"https:\/\/nicoteam.gr\/?post_type=product&#038;p=10061"},"modified":"2023-08-28T10:21:40","modified_gmt":"2023-08-28T08:21:40","slug":"xtar-mc2-li-ion-battery-charger","status":"publish","type":"product","link":"https:\/\/nicoteam.gr\/tr\/product\/xtar-mc2-li-ion-battery-charger\/","title":{"rendered":"XTAR MC2 Li-Ion Pil \u015earj Cihaz\u0131"},"content":{"rendered":"<p>O Xtar MC2 \u03b5\u03af\u03bd\u03b1\u03b9 \u03ad\u03bd\u03b1\u03c2 \u03c6\u03bf\u03c1\u03b7\u03c4\u03cc\u03c2 \u03c6\u03bf\u03c1\u03c4\u03b9\u03c3\u03c4\u03ae\u03c2 \u03bc\u03c0\u03b1\u03c4\u03b1\u03c1\u03af\u03b1\u03c2 \u03b9\u03cc\u03bd\u03c4\u03c9\u03bd \u03bb\u03b9\u03b8\u03af\u03bf\u03c5 \u03bc\u03b5 \u03b4\u03cd\u03bf \u03b8\u03ad\u03c3\u03b5\u03b9\u03c2 \u03c6\u03cc\u03c1\u03c4\u03b9\u03c3\u03b7\u03c2. \u0388\u03c7\u03b5\u03b9 \u03c3\u03c7\u03b5\u03b4\u03b9\u03b1\u03c3\u03c4\u03b5\u03af \u03b3\u03b9\u03b1 \u03bd\u03b1 \u03c6\u03bf\u03c1\u03c4\u03af\u03b6\u03b5\u03b9 10440, 14500, 14650, 16340, 17500, 17670, 18350, 18500, 18650, 18700, 22650, 25500, 26650 3.6V \u03ae 3.7V \u03b5\u03c0\u03b1\u03bd\u03b1\u03c6\u03bf\u03c1\u03c4\u03b9\u03b6\u03cc\u03bc\u03b5\u03bd\u03b5\u03c2 \u03bc\u03c0\u03b1\u03c4\u03b1\u03c1\u03af\u03b5\u03c2 \u03c4\u03cd\u03c0\u03bf\u03c5 \u03b9\u03cc\u03bd\u03c4\u03c9\u03bd. To \u03bc\u03b9\u03ba\u03c1\u03cc \u03bc\u03ad\u03b3\u03b5\u03b8\u03bf\u03c2 \u03c4\u03bf\u03c5 \u03c4\u03bf\u03bd \u03ba\u03b1\u03b8\u03b9\u03c3\u03c4\u03ac \u03c6\u03bf\u03c1\u03b7\u03c4\u03cc \u03b4\u03b9\u03b1\u03c4\u03b7\u03c1\u03ce\u03bd\u03c4\u03b1\u03c2 \u03c0\u03b1\u03c1\u03ac\u03bb\u03bb\u03b7\u03bb\u03b1 \u03c7\u03b1\u03c1\u03b1\u03ba\u03c4\u03b7\u03c1\u03b9\u03c3\u03c4\u03b9\u03ba\u03ac \u03cc\u03c0\u03c9\u03c2 \u03c4\u03ac\u03c3\u03b7 \u03bc\u03c0\u03b1\u03c4\u03b1\u03c1\u03af\u03b1\u03c2 \u03ba\u03b1\u03b9 \u03c7\u03c9\u03c1\u03b7\u03c4\u03b9\u03ba\u03cc\u03c4\u03b7\u03c4\u03b1 \u03c6\u03cc\u03c1\u03c4\u03b9\u03c3\u03b7\u03c2 \u03ba\u03b1\u03b9 \u03b8\u03b1 \u03b1\u03bd\u03b1\u03b3\u03bd\u03c9\u03c1\u03af\u03c3\u03b5\u03b9 \u03ad\u03be\u03c5\u03c0\u03bd\u03b1 \u03c4\u03b7\u03bd \u03b5\u03af\u03c3\u03bf\u03b4\u03bf \u03b9\u03c3\u03c7\u03cd\u03bf\u03c2 \u03ba\u03b1\u03b9 \u03b8\u03b1 \u03c0\u03c1\u03bf\u03c3\u03b1\u03c1\u03bc\u03cc\u03c3\u03b5\u03b9 \u03b1\u03c5\u03c4\u03cc\u03bc\u03b1\u03c4\u03b1 \u03c4\u03bf \u03c1\u03b5\u03cd\u03bc\u03b1 \u03c6\u03cc\u03c1\u03c4\u03b9\u03c3\u03b7\u03c2 \u03c3\u03c4\u03b7\u03bd \u03ba\u03b1\u03c4\u03ac\u03bb\u03bb\u03b7\u03bb\u03b7 \u03bb\u03b5\u03b9\u03c4\u03bf\u03c5\u03c1\u03b3\u03af\u03b1.<\/p>","protected":false},"excerpt":{"rendered":"<ul>\n<li>Dahili LCD ekran<\/li>\n<li>2 koltuk<\/li>\n<li>Uyumlu piller:<br \/>\n3,6V \/ 3,7V Li-iyon \/ IMR \/ INR \/ ICR: 10440, 14500, 14650, 16340, 17335, 17500, 17670, 18350, 18490, 18500, 18650, 18700, 22650, 25500, 2 6 650 pil<\/li>\n<li>Pilleri sabit tutmak i\u00e7in s\u00fcrekli ak\u0131m\/voltaj \u015farj\u0131<\/li>\n<li>Ak\u0131ll\u0131 devre, \u015farj tipini otomatik olarak se\u00e7er: (0,25A-0,5A)<\/li>\n<li>Pil tipinin\/durumunun\/\u015farj modunun otomatik tespiti<\/li>\n<li>A\u015f\u0131r\u0131 \u015farj korumas\u0131 korumas\u0131<\/li>\n<li>Tamamland\u0131\u011f\u0131nda \u015farj\u0131 otomatik olarak durdur<\/li>\n<li>S\u0131cakl\u0131k izleme sens\u00f6r\u00fc<\/li>\n<li>Ters polarite korumas\u0131<\/li>\n<li>K\u0131sa devre korumas\u0131<\/li>\n<\/ul>","protected":false},"featured_media":10064,"template":"","meta":{"_acf_changed":false,"_kadence_starter_templates_imported_post":false,"_kad_post_transparent":"","_kad_post_title":"","_kad_post_layout":"","_kad_post_sidebar_id":"","_kad_post_content_style":"","_kad_post_vertical_padding":"","_kad_post_feature":"","_kad_post_feature_position":"","_kad_post_header":false,"_kad_post_footer":false},"product_cat":[425],"product_tag":[],"class_list":{"0":"post-10061","1":"product","2":"type-product","3":"status-publish","4":"has-post-thumbnail","6":"product_cat-chargers","7":"product_shipping_class-mi-kapnika","9":"first","10":"instock","11":"taxable","12":"shipping-taxable","13":"purchasable","14":"product-type-simple","15":"entry","16":"content-bg","17":"loop-entry"},"acf":[],"_links":{"self":[{"href":"https:\/\/nicoteam.gr\/tr\/wp-json\/wp\/v2\/product\/10061","targetHints":{"allow":["GET"]}}],"collection":[{"href":"https:\/\/nicoteam.gr\/tr\/wp-json\/wp\/v2\/product"}],"about":[{"href":"https:\/\/nicoteam.gr\/tr\/wp-json\/wp\/v2\/types\/product"}],"wp:featuredmedia":[{"embeddable":true,"href":"https:\/\/nicoteam.gr\/tr\/wp-json\/wp\/v2\/media\/10064"}],"wp:attachment":[{"href":"https:\/\/nicoteam.gr\/tr\/wp-json\/wp\/v2\/media?parent=10061"}],"wp:term":[{"taxonomy":"product_cat","embeddable":true,"href":"https:\/\/nicoteam.gr\/tr\/wp-json\/wp\/v2\/product_cat?post=10061"},{"taxonomy":"product_tag","embeddable":true,"href":"https:\/\/nicoteam.gr\/tr\/wp-json\/wp\/v2\/product_tag?post=10061"}],"curies":[{"name":"wp","href":"https:\/\/api.w.org\/{rel}","templated":true}]}}