{"id":10051,"date":"2022-01-25T10:09:38","date_gmt":"2022-01-25T08:09:38","guid":{"rendered":"https:\/\/nicoteam.gr\/?post_type=product&#038;p=10051"},"modified":"2023-08-28T10:21:40","modified_gmt":"2023-08-28T08:21:40","slug":"xtar-mc2-plus-li-ion-battery-charger","status":"publish","type":"product","link":"https:\/\/nicoteam.gr\/tr\/product\/xtar-mc2-plus-li-ion-battery-charger\/","title":{"rendered":"XTAR MC2 Plus Li-Ion Pil \u015earj Cihaz\u0131"},"content":{"rendered":"<p><strong>\u0388\u03bd\u03b1\u03c2 \u03bc\u03b9\u03ba\u03c1\u03cc\u03c2 \u03b1\u03bb\u03bb\u03ac \u03b4\u03c5\u03bd\u03b1\u03c4\u03cc\u03c2 \u03c6\u03bf\u03c1\u03c4\u03b9\u03c3\u03c4\u03ae\u03c2<br \/>\n<\/strong>&#8211; \u0393\u03c1\u03ae\u03b3\u03bf\u03c1\u03b7 1A x 2 \u03c6\u03cc\u03c1\u03c4\u03b9\u03c3\u03b7 \u03ba\u03b1\u03b9 \u03c0\u03bb\u03ae\u03c1\u03b7\u03c2 \u03c6\u03cc\u03c1\u03c4\u03b9\u03c3\u03b7 2 VTC5 \u03c3\u03b5 3 \u03ce\u03c1\u03b5\u03c2.<br \/>\n&#8211; \u0395\u03c0\u03b9\u03bb\u03ad\u03b3\u03b5\u03b9 \u03b1\u03c5\u03c4\u03cc\u03bc\u03b1\u03c4\u03b1 \u03c4\u03bf \u03ba\u03b1\u03c4\u03b1\u03bb\u03bb\u03b7\u03bb\u03cc\u03c4\u03b5\u03c1\u03bf \u03c1\u03b5\u03cd\u03bc\u03b1 \u03c6\u03cc\u03c1\u03c4\u03b9\u03c3\u03b7\u03c2 (0,5A \/ 1A) \u03b3\u03b9\u03b1 \u03bd\u03b1 \u03bc\u03b5\u03b3\u03b9\u03c3\u03c4\u03bf\u03c0\u03bf\u03b9\u03ae\u03c3\u03b5\u03b9 \u03c4\u03b7 \u03b4\u03b9\u03ac\u03c1\u03ba\u03b5\u03b9\u03b1 \u03b6\u03c9\u03ae\u03c2 \u03c4\u03b7\u03c2 \u03bc\u03c0\u03b1\u03c4\u03b1\u03c1\u03af\u03b1\u03c2.<br \/>\n&#8211; \u039c\u03b9\u03b1 \u03bc\u03b9\u03ba\u03c1\u03ae \u03bf\u03b8\u03cc\u03bd\u03b7 \u03b5\u03bc\u03c6\u03b1\u03bd\u03af\u03b6\u03b5\u03b9 \u03ba\u03b1\u03c4\u03ac\u03c3\u03c4\u03b1\u03c3\u03b7 \u03c4\u03ac\u03c3\u03b7\u03c2 \u03ba\u03b1\u03b9 \u03c6\u03cc\u03c1\u03c4\u03b9\u03c3\u03b7\u03c2.<br \/>\n&#8211; \u03a6\u03bf\u03c1\u03c4\u03af\u03c3\u03c4\u03b5 \u03bf\u03c0\u03bf\u03c5\u03b4\u03ae\u03c0\u03bf\u03c4\u03b5, \u03bf\u03c0\u03bf\u03b9\u03b1\u03b4\u03ae\u03c0\u03bf\u03c4\u03b5 \u03c3\u03c4\u03b9\u03b3\u03bc\u03ae \u03bc\u03b5 \u03bc\u03b9\u03b1 \u03b1\u03c0\u03bb\u03ae \u03b8\u03cd\u03c1\u03b1 \u03c6\u03cc\u03c1\u03c4\u03b9\u03c3\u03b7\u03c2 Micro USB.<img loading=\"lazy\" decoding=\"async\" class=\"size-full wp-image-10055 aligncenter\" src=\"https:\/\/nicoteam.gr\/wp-content\/uploads\/2022\/01\/XTAR_MC2_Plus_Charger_slider01_new-min.jpg\" alt=\"\" width=\"960\" height=\"460\" srcset=\"https:\/\/nicoteam.gr\/wp-content\/uploads\/2022\/01\/XTAR_MC2_Plus_Charger_slider01_new-min.jpg 960w, https:\/\/nicoteam.gr\/wp-content\/uploads\/2022\/01\/XTAR_MC2_Plus_Charger_slider01_new-min-600x288.jpg 600w, https:\/\/nicoteam.gr\/wp-content\/uploads\/2022\/01\/XTAR_MC2_Plus_Charger_slider01_new-min-300x144.jpg 300w, https:\/\/nicoteam.gr\/wp-content\/uploads\/2022\/01\/XTAR_MC2_Plus_Charger_slider01_new-min-768x368.jpg 768w, https:\/\/nicoteam.gr\/wp-content\/uploads\/2022\/01\/XTAR_MC2_Plus_Charger_slider01_new-min-150x72.jpg 150w\" sizes=\"auto, (max-width: 960px) 100vw, 960px\" \/><img loading=\"lazy\" decoding=\"async\" class=\"size-full wp-image-10056 aligncenter\" src=\"https:\/\/nicoteam.gr\/wp-content\/uploads\/2022\/01\/XTAR_MC2_Plus_Charger_slider02-min.jpg\" alt=\"\" width=\"960\" height=\"460\" srcset=\"https:\/\/nicoteam.gr\/wp-content\/uploads\/2022\/01\/XTAR_MC2_Plus_Charger_slider02-min.jpg 960w, https:\/\/nicoteam.gr\/wp-content\/uploads\/2022\/01\/XTAR_MC2_Plus_Charger_slider02-min-600x288.jpg 600w, https:\/\/nicoteam.gr\/wp-content\/uploads\/2022\/01\/XTAR_MC2_Plus_Charger_slider02-min-300x144.jpg 300w, https:\/\/nicoteam.gr\/wp-content\/uploads\/2022\/01\/XTAR_MC2_Plus_Charger_slider02-min-768x368.jpg 768w, https:\/\/nicoteam.gr\/wp-content\/uploads\/2022\/01\/XTAR_MC2_Plus_Charger_slider02-min-150x72.jpg 150w\" sizes=\"auto, (max-width: 960px) 100vw, 960px\" \/><img loading=\"lazy\" decoding=\"async\" class=\"size-full wp-image-10057 aligncenter\" src=\"https:\/\/nicoteam.gr\/wp-content\/uploads\/2022\/01\/XTAR_MC2_Plus_Charger_slider03-min.jpg\" alt=\"\" width=\"960\" height=\"460\" srcset=\"https:\/\/nicoteam.gr\/wp-content\/uploads\/2022\/01\/XTAR_MC2_Plus_Charger_slider03-min.jpg 960w, https:\/\/nicoteam.gr\/wp-content\/uploads\/2022\/01\/XTAR_MC2_Plus_Charger_slider03-min-600x288.jpg 600w, https:\/\/nicoteam.gr\/wp-content\/uploads\/2022\/01\/XTAR_MC2_Plus_Charger_slider03-min-300x144.jpg 300w, https:\/\/nicoteam.gr\/wp-content\/uploads\/2022\/01\/XTAR_MC2_Plus_Charger_slider03-min-768x368.jpg 768w, https:\/\/nicoteam.gr\/wp-content\/uploads\/2022\/01\/XTAR_MC2_Plus_Charger_slider03-min-150x72.jpg 150w\" sizes=\"auto, (max-width: 960px) 100vw, 960px\" \/><img loading=\"lazy\" decoding=\"async\" class=\"size-full wp-image-10058 aligncenter\" src=\"https:\/\/nicoteam.gr\/wp-content\/uploads\/2022\/01\/XTAR_MC2_Plus_Charger_slider04-min.jpg\" alt=\"\" width=\"960\" height=\"460\" srcset=\"https:\/\/nicoteam.gr\/wp-content\/uploads\/2022\/01\/XTAR_MC2_Plus_Charger_slider04-min.jpg 960w, https:\/\/nicoteam.gr\/wp-content\/uploads\/2022\/01\/XTAR_MC2_Plus_Charger_slider04-min-600x288.jpg 600w, https:\/\/nicoteam.gr\/wp-content\/uploads\/2022\/01\/XTAR_MC2_Plus_Charger_slider04-min-300x144.jpg 300w, https:\/\/nicoteam.gr\/wp-content\/uploads\/2022\/01\/XTAR_MC2_Plus_Charger_slider04-min-768x368.jpg 768w, https:\/\/nicoteam.gr\/wp-content\/uploads\/2022\/01\/XTAR_MC2_Plus_Charger_slider04-min-150x72.jpg 150w\" sizes=\"auto, (max-width: 960px) 100vw, 960px\" \/><img loading=\"lazy\" decoding=\"async\" class=\"size-full wp-image-10059 aligncenter\" src=\"https:\/\/nicoteam.gr\/wp-content\/uploads\/2022\/01\/XTAR_MC2_Plus_Charger_slider05-min.jpg\" alt=\"\" width=\"960\" height=\"460\" srcset=\"https:\/\/nicoteam.gr\/wp-content\/uploads\/2022\/01\/XTAR_MC2_Plus_Charger_slider05-min.jpg 960w, https:\/\/nicoteam.gr\/wp-content\/uploads\/2022\/01\/XTAR_MC2_Plus_Charger_slider05-min-600x288.jpg 600w, https:\/\/nicoteam.gr\/wp-content\/uploads\/2022\/01\/XTAR_MC2_Plus_Charger_slider05-min-300x144.jpg 300w, https:\/\/nicoteam.gr\/wp-content\/uploads\/2022\/01\/XTAR_MC2_Plus_Charger_slider05-min-768x368.jpg 768w, https:\/\/nicoteam.gr\/wp-content\/uploads\/2022\/01\/XTAR_MC2_Plus_Charger_slider05-min-150x72.jpg 150w\" sizes=\"auto, (max-width: 960px) 100vw, 960px\" \/><img loading=\"lazy\" decoding=\"async\" class=\"size-full wp-image-10060 aligncenter\" src=\"https:\/\/nicoteam.gr\/wp-content\/uploads\/2022\/01\/XTAR_MC2_Plus_Charger_slider06-min.jpg\" alt=\"\" width=\"960\" height=\"460\" srcset=\"https:\/\/nicoteam.gr\/wp-content\/uploads\/2022\/01\/XTAR_MC2_Plus_Charger_slider06-min.jpg 960w, https:\/\/nicoteam.gr\/wp-content\/uploads\/2022\/01\/XTAR_MC2_Plus_Charger_slider06-min-600x288.jpg 600w, https:\/\/nicoteam.gr\/wp-content\/uploads\/2022\/01\/XTAR_MC2_Plus_Charger_slider06-min-300x144.jpg 300w, https:\/\/nicoteam.gr\/wp-content\/uploads\/2022\/01\/XTAR_MC2_Plus_Charger_slider06-min-768x368.jpg 768w, https:\/\/nicoteam.gr\/wp-content\/uploads\/2022\/01\/XTAR_MC2_Plus_Charger_slider06-min-150x72.jpg 150w\" sizes=\"auto, (max-width: 960px) 100vw, 960px\" \/><\/p>","protected":false},"excerpt":{"rendered":"<ul>\n<li>\u00dcretici: Xtar<\/li>\n<li>T\u00fcr: \u015earj Cihaz\u0131<\/li>\n<li>Modeli: MC2 Art\u0131<\/li>\n<li>\u015earj h\u00fccresi tipi: Lityum \u0130yon<\/li>\n<li>Uyumlu: 10440, 14500, 14650, 16340, 17500, 18350, 18500, 18650, 18700, 20700, 21700, 22650, 26650<\/li>\n<li>\u015earj h\u00fccresi miktar\u0131: 2<\/li>\n<li>Giri\u015f voltaj\u0131: DC 5V<\/li>\n<li>H\u0131zl\u0131 \u015farj: 2 x 1A<\/li>\n<\/ul>","protected":false},"featured_media":10054,"template":"","meta":{"_acf_changed":false,"_kadence_starter_templates_imported_post":false,"_kad_post_transparent":"","_kad_post_title":"","_kad_post_layout":"","_kad_post_sidebar_id":"","_kad_post_content_style":"","_kad_post_vertical_padding":"","_kad_post_feature":"","_kad_post_feature_position":"","_kad_post_header":false,"_kad_post_footer":false},"product_cat":[425],"product_tag":[],"class_list":{"0":"post-10051","1":"product","2":"type-product","3":"status-publish","4":"has-post-thumbnail","6":"product_cat-chargers","7":"product_shipping_class-mi-kapnika","9":"first","10":"instock","11":"taxable","12":"shipping-taxable","13":"purchasable","14":"product-type-simple","15":"entry","16":"content-bg","17":"loop-entry"},"acf":[],"_links":{"self":[{"href":"https:\/\/nicoteam.gr\/tr\/wp-json\/wp\/v2\/product\/10051","targetHints":{"allow":["GET"]}}],"collection":[{"href":"https:\/\/nicoteam.gr\/tr\/wp-json\/wp\/v2\/product"}],"about":[{"href":"https:\/\/nicoteam.gr\/tr\/wp-json\/wp\/v2\/types\/product"}],"wp:featuredmedia":[{"embeddable":true,"href":"https:\/\/nicoteam.gr\/tr\/wp-json\/wp\/v2\/media\/10054"}],"wp:attachment":[{"href":"https:\/\/nicoteam.gr\/tr\/wp-json\/wp\/v2\/media?parent=10051"}],"wp:term":[{"taxonomy":"product_cat","embeddable":true,"href":"https:\/\/nicoteam.gr\/tr\/wp-json\/wp\/v2\/product_cat?post=10051"},{"taxonomy":"product_tag","embeddable":true,"href":"https:\/\/nicoteam.gr\/tr\/wp-json\/wp\/v2\/product_tag?post=10051"}],"curies":[{"name":"wp","href":"https:\/\/api.w.org\/{rel}","templated":true}]}}