{"id":10029,"date":"2022-01-24T13:36:03","date_gmt":"2022-01-24T11:36:03","guid":{"rendered":"https:\/\/nicoteam.gr\/?post_type=product&#038;p=10029"},"modified":"2023-08-28T10:21:40","modified_gmt":"2023-08-28T08:21:40","slug":"aspire-vivi-nova-s-1-8ohm-3-5ml","status":"publish","type":"product","link":"https:\/\/nicoteam.gr\/tr\/product\/aspire-vivi-nova-s-1-8ohm-3-5ml\/","title":{"rendered":"ASPIRE VIVI NOVA S 1.8ohm 3.5ml"},"content":{"rendered":"<p><img loading=\"lazy\" decoding=\"async\" class=\"aligncenter wp-image-10031 size-full\" src=\"https:\/\/nicoteam.gr\/wp-content\/uploads\/2022\/01\/\u03b1\u03c1\u03c7\u03b5\u03af\u03bf-\u03bb\u03ae\u03c8\u03b7\u03c2-1-1.jpg\" alt=\"\" width=\"297\" height=\"169\" srcset=\"https:\/\/nicoteam.gr\/wp-content\/uploads\/2022\/01\/\u03b1\u03c1\u03c7\u03b5\u03af\u03bf-\u03bb\u03ae\u03c8\u03b7\u03c2-1-1.jpg 297w, https:\/\/nicoteam.gr\/wp-content\/uploads\/2022\/01\/\u03b1\u03c1\u03c7\u03b5\u03af\u03bf-\u03bb\u03ae\u03c8\u03b7\u03c2-1-1-150x85.jpg 150w\" sizes=\"auto, (max-width: 297px) 100vw, 297px\" \/><\/p>","protected":false},"excerpt":{"rendered":"<p>Vivi Nova S, s\u0131v\u0131n\u0131n aromas\u0131n\u0131 daha da temiz ve ger\u00e7ek tada yak\u0131n hale getiren paslanmaz \u00e7elik ve cam tanktan yap\u0131lm\u0131\u015ft\u0131r. Alt bobinleri vard\u0131r (rezistans\u0131 alttad\u0131r) bu sayede rezistansa s\u00fcrekli s\u0131v\u0131 ak\u0131\u015f\u0131 sa\u011flan\u0131r. Tank\u0131 3,5 ml kapasiteli olup, s\u0131v\u0131 seviyesini s\u00fcrekli g\u00f6rmemizi sa\u011flayan iki \u00f6zel pencereli metal g\u00f6vdeye sahiptir.<\/p>","protected":false},"featured_media":10030,"template":"","meta":{"_acf_changed":false,"_kadence_starter_templates_imported_post":false,"_kad_post_transparent":"","_kad_post_title":"","_kad_post_layout":"","_kad_post_sidebar_id":"","_kad_post_content_style":"","_kad_post_vertical_padding":"","_kad_post_feature":"","_kad_post_feature_position":"","_kad_post_header":false,"_kad_post_footer":false},"product_cat":[142],"product_tag":[],"class_list":{"0":"post-10029","1":"product","2":"type-product","3":"status-publish","4":"has-post-thumbnail","6":"product_cat-atmopoites","7":"product_shipping_class-mi-kapnika","9":"first","10":"instock","11":"taxable","12":"shipping-taxable","13":"purchasable","14":"product-type-simple","15":"entry","16":"content-bg","17":"loop-entry"},"acf":[],"_links":{"self":[{"href":"https:\/\/nicoteam.gr\/tr\/wp-json\/wp\/v2\/product\/10029","targetHints":{"allow":["GET"]}}],"collection":[{"href":"https:\/\/nicoteam.gr\/tr\/wp-json\/wp\/v2\/product"}],"about":[{"href":"https:\/\/nicoteam.gr\/tr\/wp-json\/wp\/v2\/types\/product"}],"wp:featuredmedia":[{"embeddable":true,"href":"https:\/\/nicoteam.gr\/tr\/wp-json\/wp\/v2\/media\/10030"}],"wp:attachment":[{"href":"https:\/\/nicoteam.gr\/tr\/wp-json\/wp\/v2\/media?parent=10029"}],"wp:term":[{"taxonomy":"product_cat","embeddable":true,"href":"https:\/\/nicoteam.gr\/tr\/wp-json\/wp\/v2\/product_cat?post=10029"},{"taxonomy":"product_tag","embeddable":true,"href":"https:\/\/nicoteam.gr\/tr\/wp-json\/wp\/v2\/product_tag?post=10029"}],"curies":[{"name":"wp","href":"https:\/\/api.w.org\/{rel}","templated":true}]}}