{"id":52380,"date":"2023-11-30T11:21:37","date_gmt":"2023-11-30T09:21:37","guid":{"rendered":"https:\/\/nicoteam.gr\/?page_id=52380"},"modified":"2023-12-15T10:51:23","modified_gmt":"2023-12-15T08:51:23","slug":"%cf%80%ce%bf%cf%8d%cf%81%ce%b1","status":"publish","type":"page","link":"https:\/\/nicoteam.gr\/tr\/%cf%80%ce%bf%cf%8d%cf%81%ce%b1\/","title":{"rendered":"Purolar"},"content":{"rendered":"<figure>\n\t\t\t\t\t\t\t\t\t\t\t<a href=\"https:\/\/nicoteam.gr\/tr\/urun-kategori\/poura\/poyra\/davidoff\/\"><br \/>\n\t\t\t\t\t\t\t<img decoding=\"async\" width=\"250\" height=\"250\" src=\"https:\/\/nicoteam.gr\/wp-content\/uploads\/2023\/11\/2810l.jpg\" alt=\"\" loading=\"lazy\" srcset=\"https:\/\/nicoteam.gr\/wp-content\/uploads\/2023\/11\/2810l.jpg 250w, https:\/\/nicoteam.gr\/wp-content\/uploads\/2023\/11\/2810l-150x150.jpg 150w, https:\/\/nicoteam.gr\/wp-content\/uploads\/2023\/11\/2810l-12x12.jpg 12w, https:\/\/nicoteam.gr\/wp-content\/uploads\/2023\/11\/2810l-200x200.jpg 200w\" sizes=\"auto, (max-width: 250px) 100vw, 250px\" \/>\t\t\t\t\t\t\t\t<\/a><figcaption>DAVIDOFF<\/figcaption><\/figure>\n<figure>\n\t\t\t\t\t\t\t\t\t\t\t<a href=\"https:\/\/nicoteam.gr\/tr\/urun-kategori\/poura\/poyra\/la-aurora\/\"><br \/>\n\t\t\t\t\t\t\t<img decoding=\"async\" width=\"250\" height=\"250\" src=\"https:\/\/nicoteam.gr\/wp-content\/uploads\/2023\/11\/6339l.jpg\" alt=\"\" loading=\"lazy\" srcset=\"https:\/\/nicoteam.gr\/wp-content\/uploads\/2023\/11\/6339l.jpg 250w, https:\/\/nicoteam.gr\/wp-content\/uploads\/2023\/11\/6339l-150x150.jpg 150w, https:\/\/nicoteam.gr\/wp-content\/uploads\/2023\/11\/6339l-12x12.jpg 12w, https:\/\/nicoteam.gr\/wp-content\/uploads\/2023\/11\/6339l-200x200.jpg 200w\" sizes=\"auto, (max-width: 250px) 100vw, 250px\" \/>\t\t\t\t\t\t\t\t<\/a><figcaption>LA AURORA<\/figcaption><\/figure>\n<figure>\n\t\t\t\t\t\t\t\t\t\t\t<a href=\"https:\/\/nicoteam.gr\/tr\/urun-kategori\/poura\/poyra\/oliva-nub\/\"><br \/>\n\t\t\t\t\t\t\t<img decoding=\"async\" width=\"250\" height=\"250\" src=\"https:\/\/nicoteam.gr\/wp-content\/uploads\/2023\/11\/6344l.jpg\" alt=\"\" loading=\"lazy\" srcset=\"https:\/\/nicoteam.gr\/wp-content\/uploads\/2023\/11\/6344l.jpg 250w, https:\/\/nicoteam.gr\/wp-content\/uploads\/2023\/11\/6344l-150x150.jpg 150w, https:\/\/nicoteam.gr\/wp-content\/uploads\/2023\/11\/6344l-12x12.jpg 12w, https:\/\/nicoteam.gr\/wp-content\/uploads\/2023\/11\/6344l-200x200.jpg 200w\" sizes=\"auto, (max-width: 250px) 100vw, 250px\" \/>\t\t\t\t\t\t\t\t<\/a><figcaption>OL\u0130VA \u2013 NUB<\/figcaption><\/figure>\n<figure>\n\t\t\t\t\t\t\t\t\t\t\t<a href=\"https:\/\/nicoteam.gr\/tr\/urun-kategori\/poura\/poyra\/plasencia\/\"><br \/>\n\t\t\t\t\t\t\t<img decoding=\"async\" width=\"250\" height=\"250\" src=\"https:\/\/nicoteam.gr\/wp-content\/uploads\/2023\/11\/6347l.jpg\" alt=\"\" loading=\"lazy\" srcset=\"https:\/\/nicoteam.gr\/wp-content\/uploads\/2023\/11\/6347l.jpg 250w, https:\/\/nicoteam.gr\/wp-content\/uploads\/2023\/11\/6347l-150x150.jpg 150w, https:\/\/nicoteam.gr\/wp-content\/uploads\/2023\/11\/6347l-12x12.jpg 12w, https:\/\/nicoteam.gr\/wp-content\/uploads\/2023\/11\/6347l-200x200.jpg 200w\" sizes=\"auto, (max-width: 250px) 100vw, 250px\" \/>\t\t\t\t\t\t\t\t<\/a><figcaption>PLASENCIA<\/figcaption><\/figure>\n<figure>\n\t\t\t\t\t\t\t\t\t\t\t<a href=\"https:\/\/nicoteam.gr\/tr\/urun-kategori\/poura\/poyra\/avo-uvezian\/\"><br \/>\n\t\t\t\t\t\t\t<img decoding=\"async\" width=\"260\" height=\"223\" src=\"https:\/\/nicoteam.gr\/wp-content\/uploads\/2023\/12\/avo-2x_1_2.png\" alt=\"\" loading=\"lazy\" srcset=\"https:\/\/nicoteam.gr\/wp-content\/uploads\/2023\/12\/avo-2x_1_2.png 260w, https:\/\/nicoteam.gr\/wp-content\/uploads\/2023\/12\/avo-2x_1_2-14x12.png 14w\" sizes=\"auto, (max-width: 260px) 100vw, 260px\" \/>\t\t\t\t\t\t\t\t<\/a><figcaption>AVO UVEZIAN<\/figcaption><\/figure>\n<figure>\n\t\t\t\t\t\t\t\t\t\t\t<a href=\"https:\/\/nicoteam.gr\/tr\/urun-kategori\/poura\/poyra\/brick-house\/\"><br \/>\n\t\t\t\t\t\t\t<img decoding=\"async\" src=\"https:\/\/nicoteam.gr\/wp-content\/uploads\/elementor\/thumbs\/Brickhouse-Logo-237x300-1-qgu8om1e53ryf9iv4asvccq3lap23vj0k0mcawl2vk.png\" title=\"Brickhouse-Logo-237\u00d7300-1\" alt=\"Brickhouse-Logo-237x300-1\" loading=\"lazy\" \/>\t\t\t\t\t\t\t\t<\/a><figcaption>TU\u011eLA EV<\/figcaption><\/figure>\n<figure>\n\t\t\t\t\t\t\t\t\t\t\t<a href=\"https:\/\/nicoteam.gr\/tr\/urun-kategori\/poura\/poyra\/rocky-patel\/\"><br \/>\n\t\t\t\t\t\t\t<img decoding=\"async\" src=\"https:\/\/nicoteam.gr\/wp-content\/uploads\/elementor\/thumbs\/ROCKY-PATEL-SUN-GROWN__74131-qgu8s7r4c8pixgag2uvdwfzpkgxpm3tz1uncj38r0w.jpg\" title=\"ROCKY PATEL SUN GROWN__74131\" alt=\"ROCKY PATEL SUN GROWN__74131\" loading=\"lazy\" \/>\t\t\t\t\t\t\t\t<\/a><figcaption>ROCKY PATEL<\/figcaption><\/figure>\n<figure>\n\t\t\t\t\t\t\t\t\t\t\t<a href=\"https:\/\/nicoteam.gr\/tr\/urun-kategori\/poura\/poyra\/sobremesa\/\"><br \/>\n\t\t\t\t\t\t\t<img decoding=\"async\" width=\"600\" height=\"401\" src=\"https:\/\/nicoteam.gr\/wp-content\/uploads\/2023\/12\/sobremesa-logo-600.jpg\" alt=\"\" loading=\"lazy\" srcset=\"https:\/\/nicoteam.gr\/wp-content\/uploads\/2023\/12\/sobremesa-logo-600.jpg 600w, https:\/\/nicoteam.gr\/wp-content\/uploads\/2023\/12\/sobremesa-logo-600-300x201.jpg 300w, https:\/\/nicoteam.gr\/wp-content\/uploads\/2023\/12\/sobremesa-logo-600-18x12.jpg 18w\" sizes=\"auto, (max-width: 600px) 100vw, 600px\" \/>\t\t\t\t\t\t\t\t<\/a><figcaption>SOBREMESA<\/figcaption><\/figure>\n<figure>\n\t\t\t\t\t\t\t\t\t\t\t<a href=\"https:\/\/nicoteam.gr\/tr\/urun-kategori\/poura\/poyra\/joya-de-nicaragua\/\"><br \/>\n\t\t\t\t\t\t\t<img decoding=\"async\" width=\"250\" height=\"250\" src=\"https:\/\/nicoteam.gr\/wp-content\/uploads\/2023\/11\/6940l.jpg\" alt=\"\" loading=\"lazy\" srcset=\"https:\/\/nicoteam.gr\/wp-content\/uploads\/2023\/11\/6940l.jpg 250w, https:\/\/nicoteam.gr\/wp-content\/uploads\/2023\/11\/6940l-150x150.jpg 150w, https:\/\/nicoteam.gr\/wp-content\/uploads\/2023\/11\/6940l-12x12.jpg 12w, https:\/\/nicoteam.gr\/wp-content\/uploads\/2023\/11\/6940l-200x200.jpg 200w\" sizes=\"auto, (max-width: 250px) 100vw, 250px\" \/>\t\t\t\t\t\t\t\t<\/a><figcaption>JOYA DE N\u0130KARAGUA<\/figcaption><\/figure>\n<figure>\n\t\t\t\t\t\t\t\t\t\t\t<a href=\"https:\/\/nicoteam.gr\/tr\/urun-kategori\/poura\/poyra\/cao\/\"><br \/>\n\t\t\t\t\t\t\t<img decoding=\"async\" width=\"250\" height=\"250\" src=\"https:\/\/nicoteam.gr\/wp-content\/uploads\/2023\/11\/6348l.jpg\" alt=\"\" loading=\"lazy\" srcset=\"https:\/\/nicoteam.gr\/wp-content\/uploads\/2023\/11\/6348l.jpg 250w, https:\/\/nicoteam.gr\/wp-content\/uploads\/2023\/11\/6348l-150x150.jpg 150w, https:\/\/nicoteam.gr\/wp-content\/uploads\/2023\/11\/6348l-12x12.jpg 12w, https:\/\/nicoteam.gr\/wp-content\/uploads\/2023\/11\/6348l-200x200.jpg 200w\" sizes=\"auto, (max-width: 250px) 100vw, 250px\" \/>\t\t\t\t\t\t\t\t<\/a><figcaption>CAO<\/figcaption><\/figure>\n<figure>\n\t\t\t\t\t\t\t\t\t\t\t<a href=\"https:\/\/nicoteam.gr\/tr\/urun-kategori\/poura\/poyra\/la-estrella\/\"><br \/>\n\t\t\t\t\t\t\t<img decoding=\"async\" width=\"250\" height=\"250\" src=\"https:\/\/nicoteam.gr\/wp-content\/uploads\/2023\/11\/6828l.jpg\" alt=\"\" loading=\"lazy\" srcset=\"https:\/\/nicoteam.gr\/wp-content\/uploads\/2023\/11\/6828l.jpg 250w, https:\/\/nicoteam.gr\/wp-content\/uploads\/2023\/11\/6828l-150x150.jpg 150w, https:\/\/nicoteam.gr\/wp-content\/uploads\/2023\/11\/6828l-12x12.jpg 12w, https:\/\/nicoteam.gr\/wp-content\/uploads\/2023\/11\/6828l-200x200.jpg 200w\" sizes=\"auto, (max-width: 250px) 100vw, 250px\" \/>\t\t\t\t\t\t\t\t<\/a><figcaption>LA ESTRELLA<\/figcaption><\/figure>\n<figure>\n\t\t\t\t\t\t\t\t\t\t\t<a href=\"https:\/\/nicoteam.gr\/tr\/urun-kategori\/poura\/poyra\/drew-estate\/\"><br \/>\n\t\t\t\t\t\t\t<img decoding=\"async\" width=\"250\" height=\"250\" src=\"https:\/\/nicoteam.gr\/wp-content\/uploads\/2023\/11\/7227l.jpg\" alt=\"\" loading=\"lazy\" srcset=\"https:\/\/nicoteam.gr\/wp-content\/uploads\/2023\/11\/7227l.jpg 250w, https:\/\/nicoteam.gr\/wp-content\/uploads\/2023\/11\/7227l-150x150.jpg 150w, https:\/\/nicoteam.gr\/wp-content\/uploads\/2023\/11\/7227l-12x12.jpg 12w, https:\/\/nicoteam.gr\/wp-content\/uploads\/2023\/11\/7227l-200x200.jpg 200w\" sizes=\"auto, (max-width: 250px) 100vw, 250px\" \/>\t\t\t\t\t\t\t\t<\/a><figcaption>DREW EMLAK<\/figcaption><\/figure>\n<figure>\n\t\t\t\t\t\t\t\t\t\t\t<a href=\"https:\/\/nicoteam.gr\/tr\/urun-kategori\/poura\/poyra\/villa-zamorano\/\"><br \/>\n\t\t\t\t\t\t\t<img decoding=\"async\" width=\"260\" height=\"252\" src=\"https:\/\/nicoteam.gr\/wp-content\/uploads\/2023\/12\/7761ee_2e3400c972974e1db53fade3a5426ee2mv2.webp\" alt=\"\" loading=\"lazy\" srcset=\"https:\/\/nicoteam.gr\/wp-content\/uploads\/2023\/12\/7761ee_2e3400c972974e1db53fade3a5426ee2mv2.webp 260w, https:\/\/nicoteam.gr\/wp-content\/uploads\/2023\/12\/7761ee_2e3400c972974e1db53fade3a5426ee2mv2-12x12.webp 12w\" sizes=\"auto, (max-width: 260px) 100vw, 260px\" \/>\t\t\t\t\t\t\t\t<\/a><figcaption>V\u0130LLA ZAMORANO<\/figcaption><\/figure>\n<figure>\n\t\t\t\t\t\t\t\t\t\t\t<a href=\"https:\/\/nicoteam.gr\/tr\/urun-kategori\/poura\/poyra\/la-libertad\/\"><br \/>\n\t\t\t\t\t\t\t<img decoding=\"async\" src=\"https:\/\/nicoteam.gr\/wp-content\/uploads\/elementor\/thumbs\/logo-la-libertad-villiger_bigs_default-qgu9a1qwm0il04gs5it5rheptb57z98i40ikds1gzo.jpg\" title=\"logo-la-libertad-villiger_bigs_default\" alt=\"logo-la-libertad-villiger_bigs_default\" loading=\"lazy\" \/>\t\t\t\t\t\t\t\t<\/a><figcaption>LA LIBERTAD<\/figcaption><\/figure>\n<figure>\n\t\t\t\t\t\t\t\t\t\t\t<a href=\"https:\/\/nicoteam.gr\/tr\/urun-kategori\/poura\/poyra\/leon-jimenes\/\"><br \/>\n\t\t\t\t\t\t\t<img decoding=\"async\" width=\"270\" height=\"270\" src=\"https:\/\/nicoteam.gr\/wp-content\/uploads\/2023\/12\/La_Aurora_Logo_Leon_Jimenes_Connecticut.png\" alt=\"\" loading=\"lazy\" srcset=\"https:\/\/nicoteam.gr\/wp-content\/uploads\/2023\/12\/La_Aurora_Logo_Leon_Jimenes_Connecticut.png 270w, https:\/\/nicoteam.gr\/wp-content\/uploads\/2023\/12\/La_Aurora_Logo_Leon_Jimenes_Connecticut-150x150.png 150w, https:\/\/nicoteam.gr\/wp-content\/uploads\/2023\/12\/La_Aurora_Logo_Leon_Jimenes_Connecticut-12x12.png 12w, https:\/\/nicoteam.gr\/wp-content\/uploads\/2023\/12\/La_Aurora_Logo_Leon_Jimenes_Connecticut-200x200.png 200w\" sizes=\"auto, (max-width: 270px) 100vw, 270px\" \/>\t\t\t\t\t\t\t\t<\/a><figcaption>LEON J\u0130MENES<\/figcaption><\/figure>\n<figure>\n\t\t\t\t\t\t\t\t\t\t\t<a href=\"https:\/\/nicoteam.gr\/tr\/urun-kategori\/poura\/poyra\/luis-martinez\/\"><br \/>\n\t\t\t\t\t\t\t<img decoding=\"async\" src=\"https:\/\/nicoteam.gr\/wp-content\/uploads\/elementor\/thumbs\/lm-silver-selection-logo-qgu9kkjv48x4yz6jpkjt6bth7la55a0bw3f8saftc4.jpg\" title=\"lm-g\u00fcm\u00fc\u015f-se\u00e7im-logosu\" alt=\"lm-silver-selection-logo\" loading=\"lazy\" \/>\t\t\t\t\t\t\t\t<\/a><figcaption>LUIS MARTINEZ<\/figcaption><\/figure>\n<figure>\n\t\t\t\t\t\t\t\t\t\t\t<a href=\"https:\/\/nicoteam.gr\/tr\/urun-kategori\/poura\/poyra\/reposado\/\"><br \/>\n\t\t\t\t\t\t\t<img decoding=\"async\" width=\"250\" height=\"250\" src=\"https:\/\/nicoteam.gr\/wp-content\/uploads\/2023\/11\/6351l.jpg\" alt=\"\" loading=\"lazy\" srcset=\"https:\/\/nicoteam.gr\/wp-content\/uploads\/2023\/11\/6351l.jpg 250w, https:\/\/nicoteam.gr\/wp-content\/uploads\/2023\/11\/6351l-150x150.jpg 150w, https:\/\/nicoteam.gr\/wp-content\/uploads\/2023\/11\/6351l-12x12.jpg 12w, https:\/\/nicoteam.gr\/wp-content\/uploads\/2023\/11\/6351l-200x200.jpg 200w\" sizes=\"auto, (max-width: 250px) 100vw, 250px\" \/>\t\t\t\t\t\t\t\t<\/a><figcaption>REPOSADO<\/figcaption><\/figure>\n<figure>\n\t\t\t\t\t\t\t\t\t\t\t<a href=\"https:\/\/nicoteam.gr\/tr\/urun-kategori\/poura\/poyra\/my-father\/\"><br \/>\n\t\t\t\t\t\t\t<img decoding=\"async\" width=\"250\" height=\"250\" src=\"https:\/\/nicoteam.gr\/wp-content\/uploads\/2023\/11\/7524l.jpg\" alt=\"\" loading=\"lazy\" srcset=\"https:\/\/nicoteam.gr\/wp-content\/uploads\/2023\/11\/7524l.jpg 250w, https:\/\/nicoteam.gr\/wp-content\/uploads\/2023\/11\/7524l-150x150.jpg 150w, https:\/\/nicoteam.gr\/wp-content\/uploads\/2023\/11\/7524l-12x12.jpg 12w, https:\/\/nicoteam.gr\/wp-content\/uploads\/2023\/11\/7524l-200x200.jpg 200w\" sizes=\"auto, (max-width: 250px) 100vw, 250px\" \/>\t\t\t\t\t\t\t\t<\/a><figcaption>BABAM<\/figcaption><\/figure>\n<figure>\n\t\t\t\t\t\t\t\t\t\t\t<a href=\"https:\/\/nicoteam.gr\/tr\/urun-kategori\/poura\/poyra\/toscanello\/\"><br \/>\n\t\t\t\t\t\t\t<img decoding=\"async\" width=\"250\" height=\"250\" src=\"https:\/\/nicoteam.gr\/wp-content\/uploads\/2023\/11\/2638l.jpg\" alt=\"\" loading=\"lazy\" srcset=\"https:\/\/nicoteam.gr\/wp-content\/uploads\/2023\/11\/2638l.jpg 250w, https:\/\/nicoteam.gr\/wp-content\/uploads\/2023\/11\/2638l-150x150.jpg 150w, https:\/\/nicoteam.gr\/wp-content\/uploads\/2023\/11\/2638l-12x12.jpg 12w, https:\/\/nicoteam.gr\/wp-content\/uploads\/2023\/11\/2638l-200x200.jpg 200w\" sizes=\"auto, (max-width: 250px) 100vw, 250px\" \/>\t\t\t\t\t\t\t\t<\/a><figcaption>TOSKANA<\/figcaption><\/figure>\n<figure>\n\t\t\t\t\t\t\t\t\t\t\t<a href=\"https:\/\/nicoteam.gr\/tr\/urun-kategori\/poura\/poyra\/macanudo\/\"><br \/>\n\t\t\t\t\t\t\t<img decoding=\"async\" width=\"250\" height=\"250\" src=\"https:\/\/nicoteam.gr\/wp-content\/uploads\/2023\/11\/6340l.jpg\" alt=\"\" loading=\"lazy\" srcset=\"https:\/\/nicoteam.gr\/wp-content\/uploads\/2023\/11\/6340l.jpg 250w, https:\/\/nicoteam.gr\/wp-content\/uploads\/2023\/11\/6340l-150x150.jpg 150w, https:\/\/nicoteam.gr\/wp-content\/uploads\/2023\/11\/6340l-12x12.jpg 12w, https:\/\/nicoteam.gr\/wp-content\/uploads\/2023\/11\/6340l-200x200.jpg 200w\" sizes=\"auto, (max-width: 250px) 100vw, 250px\" \/>\t\t\t\t\t\t\t\t<\/a><figcaption>MACANUDO<\/figcaption><\/figure>\n<figure>\n\t\t\t\t\t\t\t\t\t\t\t<a href=\"https:\/\/nicoteam.gr\/tr\/urun-kategori\/poura\/poyra\/principes\/\"><br \/>\n\t\t\t\t\t\t\t<img decoding=\"async\" width=\"250\" height=\"250\" src=\"https:\/\/nicoteam.gr\/wp-content\/uploads\/2023\/11\/6338l.jpg\" alt=\"\" loading=\"lazy\" srcset=\"https:\/\/nicoteam.gr\/wp-content\/uploads\/2023\/11\/6338l.jpg 250w, https:\/\/nicoteam.gr\/wp-content\/uploads\/2023\/11\/6338l-150x150.jpg 150w, https:\/\/nicoteam.gr\/wp-content\/uploads\/2023\/11\/6338l-12x12.jpg 12w, https:\/\/nicoteam.gr\/wp-content\/uploads\/2023\/11\/6338l-200x200.jpg 200w\" sizes=\"auto, (max-width: 250px) 100vw, 250px\" \/>\t\t\t\t\t\t\t\t<\/a><figcaption>PRINCIPES<\/figcaption><\/figure>\n<figure>\n\t\t\t\t\t\t\t\t\t\t\t<a href=\"https:\/\/nicoteam.gr\/tr\/urun-kategori\/poura\/poyra\/santiago\/\"><br \/>\n\t\t\t\t\t\t\t<img decoding=\"async\" width=\"250\" height=\"250\" src=\"https:\/\/nicoteam.gr\/wp-content\/uploads\/2023\/11\/6341l.jpg\" alt=\"\" loading=\"lazy\" srcset=\"https:\/\/nicoteam.gr\/wp-content\/uploads\/2023\/11\/6341l.jpg 250w, https:\/\/nicoteam.gr\/wp-content\/uploads\/2023\/11\/6341l-150x150.jpg 150w, https:\/\/nicoteam.gr\/wp-content\/uploads\/2023\/11\/6341l-12x12.jpg 12w, https:\/\/nicoteam.gr\/wp-content\/uploads\/2023\/11\/6341l-200x200.jpg 200w\" sizes=\"auto, (max-width: 250px) 100vw, 250px\" \/>\t\t\t\t\t\t\t\t<\/a><figcaption>SANTIAGO<\/figcaption><\/figure>\n<figure>\n\t\t\t\t\t\t\t\t\t\t\t<a href=\"https:\/\/nicoteam.gr\/tr\/urun-kategori\/poura\/poyra\/vegafina\/\"><br \/>\n\t\t\t\t\t\t\t<img decoding=\"async\" width=\"250\" height=\"250\" src=\"https:\/\/nicoteam.gr\/wp-content\/uploads\/2023\/11\/6342l.jpg\" alt=\"\" loading=\"lazy\" srcset=\"https:\/\/nicoteam.gr\/wp-content\/uploads\/2023\/11\/6342l.jpg 250w, https:\/\/nicoteam.gr\/wp-content\/uploads\/2023\/11\/6342l-150x150.jpg 150w, https:\/\/nicoteam.gr\/wp-content\/uploads\/2023\/11\/6342l-12x12.jpg 12w, https:\/\/nicoteam.gr\/wp-content\/uploads\/2023\/11\/6342l-200x200.jpg 200w\" sizes=\"auto, (max-width: 250px) 100vw, 250px\" \/>\t\t\t\t\t\t\t\t<\/a><figcaption>VEGAFINA<\/figcaption><\/figure>\n<figure>\n\t\t\t\t\t\t\t\t\t\t\t<a href=\"https:\/\/nicoteam.gr\/tr\/urun-kategori\/poura\/poyra\/quorum\/\"><br \/>\n\t\t\t\t\t\t\t<img decoding=\"async\" width=\"250\" height=\"250\" src=\"https:\/\/nicoteam.gr\/wp-content\/uploads\/2023\/11\/6352l.jpg\" alt=\"\" loading=\"lazy\" srcset=\"https:\/\/nicoteam.gr\/wp-content\/uploads\/2023\/11\/6352l.jpg 250w, https:\/\/nicoteam.gr\/wp-content\/uploads\/2023\/11\/6352l-150x150.jpg 150w, https:\/\/nicoteam.gr\/wp-content\/uploads\/2023\/11\/6352l-12x12.jpg 12w, https:\/\/nicoteam.gr\/wp-content\/uploads\/2023\/11\/6352l-200x200.jpg 200w\" sizes=\"auto, (max-width: 250px) 100vw, 250px\" \/>\t\t\t\t\t\t\t\t<\/a><figcaption>N\u0130SAP<\/figcaption><\/figure>\n<figure>\n\t\t\t\t\t\t\t\t\t\t\t<a href=\"https:\/\/nicoteam.gr\/tr\/urun-kategori\/poura\/poyra\/villa-dominicana\/\"><br \/>\n\t\t\t\t\t\t\t<img decoding=\"async\" width=\"250\" height=\"250\" src=\"https:\/\/nicoteam.gr\/wp-content\/uploads\/2023\/11\/7299l.jpg\" alt=\"\" loading=\"lazy\" srcset=\"https:\/\/nicoteam.gr\/wp-content\/uploads\/2023\/11\/7299l.jpg 250w, https:\/\/nicoteam.gr\/wp-content\/uploads\/2023\/11\/7299l-150x150.jpg 150w, https:\/\/nicoteam.gr\/wp-content\/uploads\/2023\/11\/7299l-12x12.jpg 12w, https:\/\/nicoteam.gr\/wp-content\/uploads\/2023\/11\/7299l-200x200.jpg 200w\" sizes=\"auto, (max-width: 250px) 100vw, 250px\" \/>\t\t\t\t\t\t\t\t<\/a><figcaption>V\u0130LLA DOM\u0130N\u0130KANA<\/figcaption><\/figure>\n<figure>\n\t\t\t\t\t\t\t\t\t\t\t<a href=\"https:\/\/nicoteam.gr\/tr\/urun-kategori\/poura\/poyra\/backwoods\/\"><br \/>\n\t\t\t\t\t\t\t<img decoding=\"async\" width=\"250\" height=\"250\" src=\"https:\/\/nicoteam.gr\/wp-content\/uploads\/2023\/11\/6637l.jpg\" alt=\"\" loading=\"lazy\" srcset=\"https:\/\/nicoteam.gr\/wp-content\/uploads\/2023\/11\/6637l.jpg 250w, https:\/\/nicoteam.gr\/wp-content\/uploads\/2023\/11\/6637l-150x150.jpg 150w, https:\/\/nicoteam.gr\/wp-content\/uploads\/2023\/11\/6637l-12x12.jpg 12w, https:\/\/nicoteam.gr\/wp-content\/uploads\/2023\/11\/6637l-200x200.jpg 200w\" sizes=\"auto, (max-width: 250px) 100vw, 250px\" \/>\t\t\t\t\t\t\t\t<\/a><figcaption>ARKA A\u011eA\u00c7LAR<\/figcaption><\/figure>\n<figure>\n\t\t\t\t\t\t\t\t\t\t\t<a href=\"https:\/\/nicoteam.gr\/tr\/urun-kategori\/poura\/poyra\/corrida\/\"><br \/>\n\t\t\t\t\t\t\t<img decoding=\"async\" width=\"250\" height=\"250\" src=\"https:\/\/nicoteam.gr\/wp-content\/uploads\/2023\/11\/7289l.jpg\" alt=\"\" loading=\"lazy\" srcset=\"https:\/\/nicoteam.gr\/wp-content\/uploads\/2023\/11\/7289l.jpg 250w, https:\/\/nicoteam.gr\/wp-content\/uploads\/2023\/11\/7289l-150x150.jpg 150w, https:\/\/nicoteam.gr\/wp-content\/uploads\/2023\/11\/7289l-12x12.jpg 12w, https:\/\/nicoteam.gr\/wp-content\/uploads\/2023\/11\/7289l-200x200.jpg 200w\" sizes=\"auto, (max-width: 250px) 100vw, 250px\" \/>\t\t\t\t\t\t\t\t<\/a><figcaption>CORRIDA<\/figcaption><\/figure>\n<figure>\n\t\t\t\t\t\t\t\t\t\t\t<a href=\"https:\/\/nicoteam.gr\/tr\/urun-kategori\/poura\/poyra\/silencio\/\"><br \/>\n\t\t\t\t\t\t\t<img decoding=\"async\" width=\"250\" height=\"250\" src=\"https:\/\/nicoteam.gr\/wp-content\/uploads\/2023\/11\/7858l.jpg\" alt=\"\" loading=\"lazy\" srcset=\"https:\/\/nicoteam.gr\/wp-content\/uploads\/2023\/11\/7858l.jpg 250w, https:\/\/nicoteam.gr\/wp-content\/uploads\/2023\/11\/7858l-150x150.jpg 150w, https:\/\/nicoteam.gr\/wp-content\/uploads\/2023\/11\/7858l-12x12.jpg 12w, https:\/\/nicoteam.gr\/wp-content\/uploads\/2023\/11\/7858l-200x200.jpg 200w\" sizes=\"auto, (max-width: 250px) 100vw, 250px\" \/>\t\t\t\t\t\t\t\t<\/a><figcaption>Silencio<\/figcaption><\/figure>\n<figure>\n\t\t\t\t\t\t\t\t\t\t\t<a href=\"https:\/\/nicoteam.gr\/tr\/urun-kategori\/poura\/poyra\/ag-mourtides\/\"><br \/>\n\t\t\t\t\t\t\t<img decoding=\"async\" width=\"250\" height=\"250\" src=\"https:\/\/nicoteam.gr\/wp-content\/uploads\/2023\/11\/6354l.jpg\" alt=\"\" loading=\"lazy\" srcset=\"https:\/\/nicoteam.gr\/wp-content\/uploads\/2023\/11\/6354l.jpg 250w, https:\/\/nicoteam.gr\/wp-content\/uploads\/2023\/11\/6354l-150x150.jpg 150w, https:\/\/nicoteam.gr\/wp-content\/uploads\/2023\/11\/6354l-12x12.jpg 12w, https:\/\/nicoteam.gr\/wp-content\/uploads\/2023\/11\/6354l-200x200.jpg 200w\" sizes=\"auto, (max-width: 250px) 100vw, 250px\" \/>\t\t\t\t\t\t\t\t<\/a><figcaption>A&amp;G MATIDLER<\/figcaption><\/figure>\n<figure>\n\t\t\t\t\t\t\t\t\t\t\t<a href=\"https:\/\/nicoteam.gr\/tr\/urun-kategori\/poura\/poyra\/adornado\/\"><br \/>\n\t\t\t\t\t\t\t<img decoding=\"async\" width=\"250\" height=\"250\" src=\"https:\/\/nicoteam.gr\/wp-content\/uploads\/2023\/11\/6353l.jpg\" alt=\"\" loading=\"lazy\" srcset=\"https:\/\/nicoteam.gr\/wp-content\/uploads\/2023\/11\/6353l.jpg 250w, https:\/\/nicoteam.gr\/wp-content\/uploads\/2023\/11\/6353l-150x150.jpg 150w, https:\/\/nicoteam.gr\/wp-content\/uploads\/2023\/11\/6353l-12x12.jpg 12w, https:\/\/nicoteam.gr\/wp-content\/uploads\/2023\/11\/6353l-200x200.jpg 200w\" sizes=\"auto, (max-width: 250px) 100vw, 250px\" \/>\t\t\t\t\t\t\t\t<\/a><figcaption>ADORNADO<\/figcaption><\/figure>\n<figure>\n\t\t\t\t\t\t\t\t\t\t\t<a href=\"https:\/\/nicoteam.gr\/tr\/urun-kategori\/poura\/poyra\/don-tomas\/\"><br \/>\n\t\t\t\t\t\t\t<img decoding=\"async\" width=\"250\" height=\"250\" src=\"https:\/\/nicoteam.gr\/wp-content\/uploads\/2023\/11\/8155l.jpg\" alt=\"\" loading=\"lazy\" srcset=\"https:\/\/nicoteam.gr\/wp-content\/uploads\/2023\/11\/8155l.jpg 250w, https:\/\/nicoteam.gr\/wp-content\/uploads\/2023\/11\/8155l-150x150.jpg 150w, https:\/\/nicoteam.gr\/wp-content\/uploads\/2023\/11\/8155l-12x12.jpg 12w, https:\/\/nicoteam.gr\/wp-content\/uploads\/2023\/11\/8155l-200x200.jpg 200w\" sizes=\"auto, (max-width: 250px) 100vw, 250px\" \/>\t\t\t\t\t\t\t\t<\/a><figcaption>DON THOMAS<\/figcaption><\/figure>\n<figure>\n\t\t\t\t\t\t\t\t\t\t\t<a href=\"https:\/\/nicoteam.gr\/tr\/urun-kategori\/poura\/poyra\/villiger\/\"><br \/>\n\t\t\t\t\t\t\t<img decoding=\"async\" width=\"250\" height=\"250\" src=\"https:\/\/nicoteam.gr\/wp-content\/uploads\/2023\/11\/4369l.jpg\" alt=\"\" loading=\"lazy\" srcset=\"https:\/\/nicoteam.gr\/wp-content\/uploads\/2023\/11\/4369l.jpg 250w, https:\/\/nicoteam.gr\/wp-content\/uploads\/2023\/11\/4369l-150x150.jpg 150w, https:\/\/nicoteam.gr\/wp-content\/uploads\/2023\/11\/4369l-12x12.jpg 12w, https:\/\/nicoteam.gr\/wp-content\/uploads\/2023\/11\/4369l-200x200.jpg 200w\" sizes=\"auto, (max-width: 250px) 100vw, 250px\" \/>\t\t\t\t\t\t\t\t<\/a><figcaption>K\u00d6YL\u00dc<\/figcaption><\/figure>","protected":false},"excerpt":{"rendered":"<p>DAVIDOFF LA AURORA OLIVA &#8211; NUB PLASENCIA AVO UVEZIAN BRICK HOUSE ROCKY PATEL SOBREMESA JOYA DE NICARAGUA CAO LA ESTRELLA DREW ESTATE VILLA ZAMORANO LA LIBERTAD LEON JIMENES LUIS MARTINEZ REPOSADO MY FATHER TOSCANO MACANUDO PRINCIPES SANTIAGO VEGAFINA QUORUM VILLA DOMINICANA BACKWOODS CORRIDA SILENCIO A&amp;G MOURTIDES ADORNADO DON TOMAS VILLIGER<\/p>","protected":false},"author":14,"featured_media":0,"parent":0,"menu_order":0,"comment_status":"closed","ping_status":"closed","template":"","meta":{"_acf_changed":false,"_kadence_starter_templates_imported_post":false,"_kad_post_transparent":"","_kad_post_title":"","_kad_post_layout":"","_kad_post_sidebar_id":"","_kad_post_content_style":"","_kad_post_vertical_padding":"","_kad_post_feature":"","_kad_post_feature_position":"","_kad_post_header":false,"_kad_post_footer":false,"footnotes":""},"class_list":["post-52380","page","type-page","status-publish","hentry"],"acf":[],"_links":{"self":[{"href":"https:\/\/nicoteam.gr\/tr\/wp-json\/wp\/v2\/pages\/52380","targetHints":{"allow":["GET"]}}],"collection":[{"href":"https:\/\/nicoteam.gr\/tr\/wp-json\/wp\/v2\/pages"}],"about":[{"href":"https:\/\/nicoteam.gr\/tr\/wp-json\/wp\/v2\/types\/page"}],"author":[{"embeddable":true,"href":"https:\/\/nicoteam.gr\/tr\/wp-json\/wp\/v2\/users\/14"}],"replies":[{"embeddable":true,"href":"https:\/\/nicoteam.gr\/tr\/wp-json\/wp\/v2\/comments?post=52380"}],"version-history":[{"count":0,"href":"https:\/\/nicoteam.gr\/tr\/wp-json\/wp\/v2\/pages\/52380\/revisions"}],"wp:attachment":[{"href":"https:\/\/nicoteam.gr\/tr\/wp-json\/wp\/v2\/media?parent=52380"}],"curies":[{"name":"wp","href":"https:\/\/api.w.org\/{rel}","templated":true}]}}