{"id":47995,"date":"2023-08-16T19:46:18","date_gmt":"2023-08-16T17:46:18","guid":{"rendered":"https:\/\/epic-shtern.195-201-245-217.plesk.page\/?page_id=47995"},"modified":"2023-08-16T19:48:08","modified_gmt":"2023-08-16T17:48:08","slug":"%cf%84%cf%81%cf%8c%cf%80%ce%bf%ce%b9-%cf%80%ce%bb%ce%b7%cf%81%cf%89%ce%bc%ce%ae%cf%82","status":"publish","type":"page","link":"https:\/\/nicoteam.gr\/tr\/%cf%84%cf%81%cf%8c%cf%80%ce%bf%ce%b9-%cf%80%ce%bb%ce%b7%cf%81%cf%89%ce%bc%ce%ae%cf%82\/","title":{"rendered":"\u00d6deme metodlar\u0131"},"content":{"rendered":"<h4>KRED\u0130, BANKA VEYA \u00d6N \u00d6DEMEL\u0130 KART \u0130LE<\/h4>\n<h4>\u00a0<\/h4>\n<p>Merkez Bankas\u0131&#039;n\u0131n g\u00fcvenli sistemi ile kredi, banka kart\u0131 veya \u00f6n \u00f6demeli kart arac\u0131l\u0131\u011f\u0131yla. \u00d6deme s\u0131ras\u0131nda bankan\u0131n sistemine aktar\u0131l\u0131rs\u0131n\u0131z. Kart detaylar\u0131n\u0131 tutmuyoruz. Ek maliyete maruz kalmazs\u0131n\u0131z. Sorular\u0131n\u0131z i\u00e7in 2531 021005 numaral\u0131 telefondan bizi arayabilirsiniz.<\/p>\n<p>\u00a0<\/p>\n<h4>MEVDUAT HESABI<\/h4>\n<p>Sipari\u015finizin \u00f6demesini, &quot;Do\u011frudan Banka Havalesi&quot; ve ard\u0131ndan &quot;Sipari\u015f G\u00f6nder&quot; se\u00e7ene\u011fine basarak, sipari\u015finiz tamamland\u0131\u011f\u0131nda g\u00f6r\u00fcnecek olan \u015firketin banka hesaplar\u0131ndan birine do\u011frudan banka havalesi yoluyla \u00f6demeyi se\u00e7in.<\/p>\n<p>Bu durumda, paran\u0131n yat\u0131r\u0131ld\u0131\u011f\u0131na dair bilgi ald\u0131ktan sonra emriniz ger\u00e7ekle\u015ftirilecektir. \u0130\u015flemi h\u0131zland\u0131rmak i\u00e7in l\u00fctfen para yat\u0131r\u0131rken dekontunuzun bir kopyas\u0131n\u0131 info@nicoteam.gr adresine e-postayla g\u00f6nderin. L\u00fctfen depozito makbuzuna tam ad\u0131n\u0131z\u0131 ve size e-postayla g\u00f6nderilen sipari\u015f numaras\u0131n\u0131 da not edin.<\/p>\n<p>\u00a0<\/p>\n<h4>TESL\u0130MATTA \u00d6DEME YAPMAK<\/h4>\n<p>Sipari\u015finizi teslim edecek olan Courier \u00e7al\u0131\u015fan\u0131na (500\u20ac&#039;ya kadar) sipari\u015finizin \u00f6demesini yapmay\u0131 se\u00e7in.<\/p>\n<p>Kap\u0131da nakit \u00f6deme se\u00e7ene\u011fini tercih etmeniz durumunda m\u00fc\u015fteriden,<strong>\u00a02,50<\/strong>\u00a0Teslimat masraflar\u0131nda nakite kar\u015f\u0131l\u0131k gelen euro.<\/p>\n<p>\u00a0<\/p>\n<h4>MA\u011eAZADA \u00d6DEME<\/h4>\n<p>Sipari\u015finizi bir ma\u011fazadan teslim almay\u0131 tercih ederseniz 2 \u00f6deme y\u00f6ntemi aras\u0131ndan se\u00e7im yapabilirsiniz:<\/p>\n<ul>\n<li>Ma\u011fazada 500 \u20ac&#039;ya kadar nakit \u00f6deme.<\/li>\n<li>Kredi kart\u0131yla tek \u00f6demede \u00f6deme.<\/li>\n<li>Tek \u00f6demeyle banka kart\u0131yla \u00f6deme yap\u0131n.<\/li>\n<\/ul>\n<p>\u00a0<\/p>\n<p><em>Not: Sipari\u015finiz al\u0131nd\u0131ktan sonra ma\u011fazada kredi veya banka kart\u0131n\u0131zdan \u00f6deme al\u0131nacakt\u0131r.<\/em><\/p>\n<p>\u00a0<\/p>","protected":false},"excerpt":{"rendered":"<p>\u039c\u0395\u03a3\u03a9 \u03a0\u0399\u03a3\u03a4\u03a9\u03a4\u0399\u039a\u0397\u03a3, \u03a7\u03a1\u0395\u03a9\u03a3\u03a4\u0399\u039a\u0397\u03a3 \u0397 \u03a0\u03a1\u039f\u03a0\u039b\u0397\u03a1\u03a9\u039c\u0395\u039d\u0397\u03a3 \u039a\u0391\u03a1\u03a4\u0391\u03a3 \u00a0 \u039c\u03ad\u03c3\u03c9 \u03c0\u03b9\u03c3\u03c4\u03c9\u03c4\u03b9\u03ba\u03ae\u03c2, \u03c7\u03c1\u03b5\u03c9\u03c3\u03c4\u03b9\u03ba\u03ae\u03c2 \u03ae \u03c0\u03c1\u03bf\u03c0\u03bb\u03b7\u03c1\u03c9\u03bc\u03ad\u03bd\u03b7\u03c2 \u03ba\u03ac\u03c1\u03c4\u03b1\u03c2 \u03bc\u03b5 \u03c4\u03bf \u03b1\u03c3\u03c6\u03b1\u03bb\u03ad\u03c2 \u03c3\u03cd\u03c3\u03c4\u03b7\u03bc\u03b1 \u03c4\u03b7\u03c2 \u0395\u03b8\u03bd\u03b9\u03ba\u03ae\u03c2 \u03a4\u03c1\u03ac\u03c0\u03b5\u03b6\u03b1\u03c2. \u039a\u03b1\u03c4\u03ac \u03c4\u03b7 \u03b4\u03b9\u03ac\u03c1\u03ba\u03b5\u03b9\u03b1 \u03c4\u03b7\u03c2 \u03c0\u03bb\u03b7\u03c1\u03c9\u03bc\u03ae\u03c2, \u03bc\u03b5\u03c4\u03b1\u03c6\u03ad\u03c1\u03b5\u03c3\u03c4\u03b5 \u03c3\u03c4\u03bf \u03c3\u03cd\u03c3\u03c4\u03b7\u03bc\u03b1 \u03c4\u03b7\u03c2 \u03c4\u03c1\u03ac\u03c0\u03b5\u03b6\u03b1\u03c2. \u0394\u03b5\u03bd \u03ba\u03c1\u03b1\u03c4\u03ac\u03bc\u03b5 \u03c4\u03b1 \u03c3\u03c4\u03bf\u03b9\u03c7\u03b5\u03af\u03b1 \u03c4\u03c9\u03bd \u03ba\u03b1\u03c1\u03c4\u03ce\u03bd. \u0394\u03b5\u03bd \u03b5\u03c0\u03b9\u03b2\u03b1\u03c1\u03cd\u03bd\u03b5\u03c3\u03c4\u03b5 \u03bc\u03b5 \u03b5\u03c0\u03b9\u03c0\u03bb\u03ad\u03bf\u03bd \u03ad\u03be\u03bf\u03b4\u03b1. \u0393\u03b9\u03b1 \u03bf\u03c0\u03bf\u03b9\u03b1\u03b4\u03ae\u03c0\u03bf\u03c4\u03b5 \u03b1\u03c0\u03bf\u03c1\u03af\u03b1 \u03bc\u03c0\u03bf\u03c1\u03b5\u03af\u03c4\u03b5 \u03bd\u03b1 \u03bc\u03b1\u03c2 \u03ba\u03b1\u03bb\u03ad\u03c3\u03b5\u03c4\u03b5 \u03c3\u03c4\u03bf 2531 021005. \u00a0 \u03a4\u03a1\u0391\u03a0\u0395\u0396\u0399\u039a\u0397 \u039a\u0391\u03a4\u0391\u0398\u0395\u03a3\u0397 \u0395\u03c0\u03b9\u03bb\u03ad\u03be\u03c4\u03b5&#8230;<\/p>","protected":false},"author":14,"featured_media":0,"parent":0,"menu_order":0,"comment_status":"closed","ping_status":"closed","template":"","meta":{"_acf_changed":false,"_kadence_starter_templates_imported_post":false,"_kad_post_transparent":"","_kad_post_title":"","_kad_post_layout":"","_kad_post_sidebar_id":"","_kad_post_content_style":"","_kad_post_vertical_padding":"","_kad_post_feature":"","_kad_post_feature_position":"","_kad_post_header":false,"_kad_post_footer":false,"footnotes":""},"class_list":["post-47995","page","type-page","status-publish","hentry"],"acf":[],"_links":{"self":[{"href":"https:\/\/nicoteam.gr\/tr\/wp-json\/wp\/v2\/pages\/47995","targetHints":{"allow":["GET"]}}],"collection":[{"href":"https:\/\/nicoteam.gr\/tr\/wp-json\/wp\/v2\/pages"}],"about":[{"href":"https:\/\/nicoteam.gr\/tr\/wp-json\/wp\/v2\/types\/page"}],"author":[{"embeddable":true,"href":"https:\/\/nicoteam.gr\/tr\/wp-json\/wp\/v2\/users\/14"}],"replies":[{"embeddable":true,"href":"https:\/\/nicoteam.gr\/tr\/wp-json\/wp\/v2\/comments?post=47995"}],"version-history":[{"count":0,"href":"https:\/\/nicoteam.gr\/tr\/wp-json\/wp\/v2\/pages\/47995\/revisions"}],"wp:attachment":[{"href":"https:\/\/nicoteam.gr\/tr\/wp-json\/wp\/v2\/media?parent=47995"}],"curies":[{"name":"wp","href":"https:\/\/api.w.org\/{rel}","templated":true}]}}